{"id":118,"date":"2011-04-22T13:40:30","date_gmt":"2011-04-22T12:40:30","guid":{"rendered":"http:\/\/blog.steinertseebahn.de\/?page_id=118"},"modified":"2025-04-02T11:20:46","modified_gmt":"2025-04-02T09:20:46","slug":"impressum","status":"publish","type":"page","link":"https:\/\/steinertseebahn-kfg.de\/startseite\/impressum\/","title":{"rendered":"Impressum"},"content":{"rendered":"<h2 style=\"text-align: center;\">Homepage des Modell-Bahn-Club Kassel e.V.<\/h2>\n<p style=\"text-align: center;\">Postanschrift:<\/p>\n<p style=\"text-align: center;\">Modell &#8211; Bahn &#8211; Club Kassel e.V.<br \/>\nK\u00f6nigstor 58<br \/>\n34119 Kassel<\/p>\n<p style=\"text-align: center;\">Gemein\u00fctziger Verein<\/p>\n<p style=\"text-align: center;\">VR Kassel Nr. 1183<\/p>\n<hr \/>\n<p style=\"text-align: center;\">Vorsitzender<\/p>\n<p style=\"text-align: center;\">Dirk Federau<\/p>\n<p style=\"text-align: center;\">M\u00fchlenweg 33a<\/p>\n<p style=\"text-align: center;\">34246 Vellmar<\/p>\n<p style=\"text-align: center;\"><span style=\"color: #ff0000;\">federau@steinertseebahn.de<br \/>\n<\/span><\/p>\n<hr \/>\n<p style=\"text-align: center;\">Stellvertretender Vorsitzender und V.i.s.d.P:<\/p>\n<p style=\"text-align: center;\">Philipp Lieberum<\/p>\n<p style=\"text-align: center;\">34613 Schwalmstadt<\/p>\n<p style=\"text-align: center;\">Kiepacker 12<\/p>\n<p style=\"text-align: center;\"><span style=\"color: #ff0000;\">philipp96.lieberum@gmx.net<\/span><\/p>\n<hr \/>\n<p style=\"text-align: center;\">Webmaster<\/p>\n<p style=\"text-align: center;\">Nils Rohde<\/p>\n<p style=\"text-align: center;\"><a class=\"smarterwiki-linkify\" href=\"mailto:webmaster@steinertseebahn.de\">webmaster@steinertseebahn.de<\/a><\/p>\n<hr \/>\n<p style=\"text-align: center;\">Weitere Vorstandmitglieder:<br \/>\nSven Hollstein Kassierer<br \/>\nMarlon Clos Dampfbahn<br \/>\nBj\u00f6rn Vogt Schriftf\u00fchrer<\/p>\n<hr \/>\n<p style=\"text-align: center;\">Haftungshinweis:<\/p>\n<p style=\"text-align: center;\">Trotz sorgf\u00e4ltiger inhaltlicher Kontrolle \u00fcbernehmen wir keine Haftung f\u00fcr die Inhalte externer Links. F\u00fcr den Inhalt der verlinkten Seiten sind ausschlie\u00dflich deren Betreiber verantwortlich.<\/p>\n<p style=\"text-align: center;\">Wir achten stets darauf das keine Bilder ohne Genehmigung ver\u00f6ffentlicht werden.<\/p>\n<p style=\"text-align: center;\">Sollten Sie jedoch ein Bild auf unserer Seite finden, dass nicht ver\u00f6ffentlicht werden soll, schreiben Sie bitte an: <a class=\"smarterwiki-linkify\" href=\"mailto:Webmaster@steinertseebahn.de\">Webmaster@steinertseebahn.de<\/a> um welches Bild es sich handelt.<\/p>\n<p style=\"text-align: center;\">Kassel, 01.05.2023<\/p>\n<p style=\"text-align: center;\">Modell &#8211; Bahn &#8211; Club Kassel e.V.<\/p>\n","protected":false},"excerpt":{"rendered":"<p>Homepage des Modell-Bahn-Club Kassel e.V. Postanschrift: Modell &#8211; Bahn &#8211; Club Kassel e.V. K\u00f6nigstor 58 34119 Kassel Gemein\u00fctziger Verein VR Kassel Nr. 1183 Vorsitzender Dirk Federau M\u00fchlenweg 33a 34246 Vellmar federau@steinertseebahn.de Stellvertretender Vorsitzender und V.i.s.d.P: Philipp Lieberum 34613 Schwalmstadt Kiepacker 12 philipp96.lieberum@gmx.net Webmaster Nils Rohde webmaster@steinertseebahn.de Weitere Vorstandmitglieder: Sven Hollstein Kassierer Marlon Clos Dampfbahn Bj\u00f6rn Vogt Schriftf\u00fchrer Haftungshinweis: Trotz sorgf\u00e4ltiger<\/p>\n","protected":false},"author":1,"featured_media":0,"parent":0,"menu_order":0,"comment_status":"open","ping_status":"open","template":"","meta":{"_monsterinsights_skip_tracking":false,"_monsterinsights_sitenote_active":false,"_monsterinsights_sitenote_note":"","_monsterinsights_sitenote_category":0,"jetpack_post_was_ever_published":false,"footnotes":""},"class_list":["post-118","page","type-page","status-publish","hentry"],"yoast_head":"<!-- This site is optimized with the Yoast SEO plugin v27.4 - https:\/\/yoast.com\/product\/yoast-seo-wordpress\/ -->\n<title>Impressum - MBC Kassel e.V. Steinertseebahn und K\u00f6nigstorschule<\/title>\n<meta name=\"description\" content=\"Impressum der Website des MBC-Kassel e.V.\" \/>\n<meta name=\"robots\" content=\"index, follow, max-snippet:-1, max-image-preview:large, max-video-preview:-1\" \/>\n<link rel=\"canonical\" href=\"https:\/\/steinertseebahn-kfg.de\/startseite\/impressum\/\" \/>\n<meta property=\"og:locale\" content=\"de_DE\" \/>\n<meta property=\"og:type\" content=\"article\" \/>\n<meta property=\"og:title\" content=\"Impressum - MBC Kassel e.V. Steinertseebahn und K\u00f6nigstorschule\" \/>\n<meta property=\"og:description\" content=\"Impressum der Website des MBC-Kassel e.V.\" \/>\n<meta property=\"og:url\" content=\"https:\/\/steinertseebahn-kfg.de\/startseite\/impressum\/\" \/>\n<meta property=\"og:site_name\" content=\"MBC Kassel e.V. Steinertseebahn und K\u00f6nigstorschule\" \/>\n<meta property=\"article:publisher\" content=\"https:\/\/www.facebook.com\/ModellBahnClubKasselSteinertseebahnkaufungen\/\" \/>\n<meta property=\"article:modified_time\" content=\"2025-04-02T09:20:46+00:00\" \/>\n<meta name=\"twitter:label1\" content=\"Gesch\u00e4tzte Lesezeit\" \/>\n\t<meta name=\"twitter:data1\" content=\"1\u00a0Minute\" \/>\n<script type=\"application\/ld+json\" class=\"yoast-schema-graph\">{\"@context\":\"https:\\\/\\\/schema.org\",\"@graph\":[{\"@type\":\"WebPage\",\"@id\":\"https:\\\/\\\/steinertseebahn-kfg.de\\\/startseite\\\/impressum\\\/\",\"url\":\"https:\\\/\\\/steinertseebahn-kfg.de\\\/startseite\\\/impressum\\\/\",\"name\":\"Impressum - MBC Kassel e.V. Steinertseebahn und K\u00f6nigstorschule\",\"isPartOf\":{\"@id\":\"https:\\\/\\\/steinertseebahn-kfg.de\\\/startseite\\\/#website\"},\"datePublished\":\"2011-04-22T12:40:30+00:00\",\"dateModified\":\"2025-04-02T09:20:46+00:00\",\"description\":\"Impressum der Website des MBC-Kassel e.V.\",\"breadcrumb\":{\"@id\":\"https:\\\/\\\/steinertseebahn-kfg.de\\\/startseite\\\/impressum\\\/#breadcrumb\"},\"inLanguage\":\"de\",\"potentialAction\":[{\"@type\":\"ReadAction\",\"target\":[\"https:\\\/\\\/steinertseebahn-kfg.de\\\/startseite\\\/impressum\\\/\"]}]},{\"@type\":\"BreadcrumbList\",\"@id\":\"https:\\\/\\\/steinertseebahn-kfg.de\\\/startseite\\\/impressum\\\/#breadcrumb\",\"itemListElement\":[{\"@type\":\"ListItem\",\"position\":1,\"name\":\"Startseite\",\"item\":\"https:\\\/\\\/steinertseebahn-kfg.de\\\/startseite\\\/\"},{\"@type\":\"ListItem\",\"position\":2,\"name\":\"Impressum\"}]},{\"@type\":\"WebSite\",\"@id\":\"https:\\\/\\\/steinertseebahn-kfg.de\\\/startseite\\\/#website\",\"url\":\"https:\\\/\\\/steinertseebahn-kfg.de\\\/startseite\\\/\",\"name\":\"Steinertseebahn Kaufungen des MBC Kassel e.V.\",\"description\":\"Lifesteam und Modellbahn seit \u00fcber 40 Jahren\",\"publisher\":{\"@id\":\"https:\\\/\\\/steinertseebahn-kfg.de\\\/startseite\\\/#organization\"},\"potentialAction\":[{\"@type\":\"SearchAction\",\"target\":{\"@type\":\"EntryPoint\",\"urlTemplate\":\"https:\\\/\\\/steinertseebahn-kfg.de\\\/startseite\\\/?s={search_term_string}\"},\"query-input\":{\"@type\":\"PropertyValueSpecification\",\"valueRequired\":true,\"valueName\":\"search_term_string\"}}],\"inLanguage\":\"de\"},{\"@type\":\"Organization\",\"@id\":\"https:\\\/\\\/steinertseebahn-kfg.de\\\/startseite\\\/#organization\",\"name\":\"MBC Kassel e.V. Steinertseebahn\",\"url\":\"https:\\\/\\\/steinertseebahn-kfg.de\\\/startseite\\\/\",\"logo\":{\"@type\":\"ImageObject\",\"inLanguage\":\"de\",\"@id\":\"https:\\\/\\\/steinertseebahn-kfg.de\\\/startseite\\\/#\\\/schema\\\/logo\\\/image\\\/\",\"url\":\"https:\\\/\\\/i2.wp.com\\\/steinertseebahn-kfg.de\\\/wp-content\\\/uploads\\\/2015\\\/07\\\/Logo-SSB.png?fit=865%2C198&ssl=1\",\"contentUrl\":\"https:\\\/\\\/i2.wp.com\\\/steinertseebahn-kfg.de\\\/wp-content\\\/uploads\\\/2015\\\/07\\\/Logo-SSB.png?fit=865%2C198&ssl=1\",\"width\":865,\"height\":198,\"caption\":\"MBC Kassel e.V. Steinertseebahn\"},\"image\":{\"@id\":\"https:\\\/\\\/steinertseebahn-kfg.de\\\/startseite\\\/#\\\/schema\\\/logo\\\/image\\\/\"},\"sameAs\":[\"https:\\\/\\\/www.facebook.com\\\/ModellBahnClubKasselSteinertseebahnkaufungen\\\/\"]}]}<\/script>\n<!-- \/ Yoast SEO plugin. -->","yoast_head_json":{"title":"Impressum - MBC Kassel e.V. Steinertseebahn und K\u00f6nigstorschule","description":"Impressum der Website des MBC-Kassel e.V.","robots":{"index":"index","follow":"follow","max-snippet":"max-snippet:-1","max-image-preview":"max-image-preview:large","max-video-preview":"max-video-preview:-1"},"canonical":"https:\/\/steinertseebahn-kfg.de\/startseite\/impressum\/","og_locale":"de_DE","og_type":"article","og_title":"Impressum - MBC Kassel e.V. Steinertseebahn und K\u00f6nigstorschule","og_description":"Impressum der Website des MBC-Kassel e.V.","og_url":"https:\/\/steinertseebahn-kfg.de\/startseite\/impressum\/","og_site_name":"MBC Kassel e.V. Steinertseebahn und K\u00f6nigstorschule","article_publisher":"https:\/\/www.facebook.com\/ModellBahnClubKasselSteinertseebahnkaufungen\/","article_modified_time":"2025-04-02T09:20:46+00:00","twitter_misc":{"Gesch\u00e4tzte Lesezeit":"1\u00a0Minute"},"schema":{"@context":"https:\/\/schema.org","@graph":[{"@type":"WebPage","@id":"https:\/\/steinertseebahn-kfg.de\/startseite\/impressum\/","url":"https:\/\/steinertseebahn-kfg.de\/startseite\/impressum\/","name":"Impressum - MBC Kassel e.V. Steinertseebahn und K\u00f6nigstorschule","isPartOf":{"@id":"https:\/\/steinertseebahn-kfg.de\/startseite\/#website"},"datePublished":"2011-04-22T12:40:30+00:00","dateModified":"2025-04-02T09:20:46+00:00","description":"Impressum der Website des MBC-Kassel e.V.","breadcrumb":{"@id":"https:\/\/steinertseebahn-kfg.de\/startseite\/impressum\/#breadcrumb"},"inLanguage":"de","potentialAction":[{"@type":"ReadAction","target":["https:\/\/steinertseebahn-kfg.de\/startseite\/impressum\/"]}]},{"@type":"BreadcrumbList","@id":"https:\/\/steinertseebahn-kfg.de\/startseite\/impressum\/#breadcrumb","itemListElement":[{"@type":"ListItem","position":1,"name":"Startseite","item":"https:\/\/steinertseebahn-kfg.de\/startseite\/"},{"@type":"ListItem","position":2,"name":"Impressum"}]},{"@type":"WebSite","@id":"https:\/\/steinertseebahn-kfg.de\/startseite\/#website","url":"https:\/\/steinertseebahn-kfg.de\/startseite\/","name":"Steinertseebahn Kaufungen des MBC Kassel e.V.","description":"Lifesteam und Modellbahn seit \u00fcber 40 Jahren","publisher":{"@id":"https:\/\/steinertseebahn-kfg.de\/startseite\/#organization"},"potentialAction":[{"@type":"SearchAction","target":{"@type":"EntryPoint","urlTemplate":"https:\/\/steinertseebahn-kfg.de\/startseite\/?s={search_term_string}"},"query-input":{"@type":"PropertyValueSpecification","valueRequired":true,"valueName":"search_term_string"}}],"inLanguage":"de"},{"@type":"Organization","@id":"https:\/\/steinertseebahn-kfg.de\/startseite\/#organization","name":"MBC Kassel e.V. Steinertseebahn","url":"https:\/\/steinertseebahn-kfg.de\/startseite\/","logo":{"@type":"ImageObject","inLanguage":"de","@id":"https:\/\/steinertseebahn-kfg.de\/startseite\/#\/schema\/logo\/image\/","url":"https:\/\/i2.wp.com\/steinertseebahn-kfg.de\/wp-content\/uploads\/2015\/07\/Logo-SSB.png?fit=865%2C198&ssl=1","contentUrl":"https:\/\/i2.wp.com\/steinertseebahn-kfg.de\/wp-content\/uploads\/2015\/07\/Logo-SSB.png?fit=865%2C198&ssl=1","width":865,"height":198,"caption":"MBC Kassel e.V. Steinertseebahn"},"image":{"@id":"https:\/\/steinertseebahn-kfg.de\/startseite\/#\/schema\/logo\/image\/"},"sameAs":["https:\/\/www.facebook.com\/ModellBahnClubKasselSteinertseebahnkaufungen\/"]}]}},"jetpack_sharing_enabled":true,"jetpack_shortlink":"https:\/\/wp.me\/P3r7K2-1U","jetpack_likes_enabled":true,"jetpack-related-posts":[],"_links":{"self":[{"href":"https:\/\/steinertseebahn-kfg.de\/startseite\/wp-json\/wp\/v2\/pages\/118","targetHints":{"allow":["GET"]}}],"collection":[{"href":"https:\/\/steinertseebahn-kfg.de\/startseite\/wp-json\/wp\/v2\/pages"}],"about":[{"href":"https:\/\/steinertseebahn-kfg.de\/startseite\/wp-json\/wp\/v2\/types\/page"}],"author":[{"embeddable":true,"href":"https:\/\/steinertseebahn-kfg.de\/startseite\/wp-json\/wp\/v2\/users\/1"}],"replies":[{"embeddable":true,"href":"https:\/\/steinertseebahn-kfg.de\/startseite\/wp-json\/wp\/v2\/comments?post=118"}],"version-history":[{"count":10,"href":"https:\/\/steinertseebahn-kfg.de\/startseite\/wp-json\/wp\/v2\/pages\/118\/revisions"}],"predecessor-version":[{"id":4422,"href":"https:\/\/steinertseebahn-kfg.de\/startseite\/wp-json\/wp\/v2\/pages\/118\/revisions\/4422"}],"wp:attachment":[{"href":"https:\/\/steinertseebahn-kfg.de\/startseite\/wp-json\/wp\/v2\/media?parent=118"}],"curies":[{"name":"wp","href":"https:\/\/api.w.org\/{rel}","templated":true}]}}