{"id":21,"date":"2011-04-10T21:45:36","date_gmt":"2011-04-10T20:45:36","guid":{"rendered":"http:\/\/blog.steinertseebahn.de\/"},"modified":"2019-05-11T14:19:05","modified_gmt":"2019-05-11T12:19:05","slug":"kontakt","status":"publish","type":"page","link":"https:\/\/steinertseebahn-kfg.de\/startseite\/kontakt\/","title":{"rendered":"Kontakt"},"content":{"rendered":"<h1 style=\"text-align: center;\"><span style=\"color: #ff0000;\">Kontakt<\/span><\/h1>\n<p><img data-recalc-dims=\"1\" fetchpriority=\"high\" decoding=\"async\" class=\"aligncenter size-large wp-image-2721\" src=\"https:\/\/i0.wp.com\/steinertseebahn-kfg.de\/wp-content\/uploads\/2018\/10\/Markus-Bilderkiste0620.jpg?resize=584%2C440&#038;ssl=1\" alt=\"\" width=\"584\" height=\"440\" srcset=\"https:\/\/i0.wp.com\/steinertseebahn-kfg.de\/wp-content\/uploads\/2018\/10\/Markus-Bilderkiste0620.jpg?resize=1024%2C772&amp;ssl=1 1024w, https:\/\/i0.wp.com\/steinertseebahn-kfg.de\/wp-content\/uploads\/2018\/10\/Markus-Bilderkiste0620.jpg?resize=300%2C226&amp;ssl=1 300w, https:\/\/i0.wp.com\/steinertseebahn-kfg.de\/wp-content\/uploads\/2018\/10\/Markus-Bilderkiste0620.jpg?resize=768%2C579&amp;ssl=1 768w, https:\/\/i0.wp.com\/steinertseebahn-kfg.de\/wp-content\/uploads\/2018\/10\/Markus-Bilderkiste0620.jpg?resize=398%2C300&amp;ssl=1 398w, https:\/\/i0.wp.com\/steinertseebahn-kfg.de\/wp-content\/uploads\/2018\/10\/Markus-Bilderkiste0620.jpg?w=1800&amp;ssl=1 1800w\" sizes=\"(max-width: 584px) 100vw, 584px\" \/><\/p>\n<p style=\"text-align: center;\">Wenn Sie an Veranstaltungen teilnehmen m\u00f6chten, unsere Anlage nutzen m\u00f6chten oder mit uns Kontakt aufnehmen wollen,<\/p>\n<p style=\"text-align: center;\">schicken Sie bitte eine Mail<\/p>\n<p style=\"text-align: center;\">Fragen, W\u00fcnsche, Anregungen:<\/p>\n<p style=\"text-align: center;\"><a class=\"smarterwiki-linkify\" href=\"mailto: anfragen@steinertseebahn.de\">Anfragen an die SSB<\/a><\/p>\n<p style=\"text-align: center;\">Den Vorstand erreichen Sie unter:<\/p>\n<p style=\"text-align: center;\"><a href=\"federau@steinertseebahn.de\">federau(at)steinertseebahn.de<\/a><\/p>\n<p style=\"text-align: center;\">Die Seiten des MBC Kassel e.V. im K\u00f6nigstor mit den Modellbahnanlagen und dem Modellbahmuseum erreichen Sie unter:<\/p>\n<p style=\"text-align: center;\"><a href=\"http:\/\/mbc-museum.de\/\">http:\/\/mbc-museum.de\/<\/a><\/p>\n<p style=\"text-align: center;\">Den Webmaster erreichen sie unter<\/p>\n<p style=\"text-align: center;\"><span style=\"color: #0000ff;\">Webmaster (at) steinertseebahn.de<\/span><\/p>\n\n\n<figure class=\"wp-block-image\"><img decoding=\"async\" width=\"6016\" height=\"4016\" src=\"https:\/\/i0.wp.com\/steinertseebahn-kfg.de\/wp-content\/uploads\/2019\/05\/bandwidth-close-up-connection-1148820.jpg?fit=584%2C390&amp;ssl=1\" alt=\"\" class=\"wp-image-2964\" srcset=\"https:\/\/i0.wp.com\/steinertseebahn-kfg.de\/wp-content\/uploads\/2019\/05\/bandwidth-close-up-connection-1148820.jpg?w=6016&amp;ssl=1 6016w, https:\/\/i0.wp.com\/steinertseebahn-kfg.de\/wp-content\/uploads\/2019\/05\/bandwidth-close-up-connection-1148820.jpg?resize=300%2C200&amp;ssl=1 300w, https:\/\/i0.wp.com\/steinertseebahn-kfg.de\/wp-content\/uploads\/2019\/05\/bandwidth-close-up-connection-1148820.jpg?resize=768%2C513&amp;ssl=1 768w, https:\/\/i0.wp.com\/steinertseebahn-kfg.de\/wp-content\/uploads\/2019\/05\/bandwidth-close-up-connection-1148820.jpg?resize=1024%2C684&amp;ssl=1 1024w, https:\/\/i0.wp.com\/steinertseebahn-kfg.de\/wp-content\/uploads\/2019\/05\/bandwidth-close-up-connection-1148820.jpg?resize=449%2C300&amp;ssl=1 449w, https:\/\/i0.wp.com\/steinertseebahn-kfg.de\/wp-content\/uploads\/2019\/05\/bandwidth-close-up-connection-1148820.jpg?w=1800&amp;ssl=1 1800w, https:\/\/i0.wp.com\/steinertseebahn-kfg.de\/wp-content\/uploads\/2019\/05\/bandwidth-close-up-connection-1148820.jpg?w=2700&amp;ssl=1 2700w\" sizes=\"(max-width: 900px) 100vw, 900px\" \/><\/figure>\n","protected":false},"excerpt":{"rendered":"<p>Kontakt Wenn Sie an Veranstaltungen teilnehmen m\u00f6chten, unsere Anlage nutzen m\u00f6chten oder mit uns Kontakt aufnehmen wollen, schicken Sie bitte eine Mail Fragen, W\u00fcnsche, Anregungen: Anfragen an die SSB Den Vorstand erreichen Sie unter: federau(at)steinertseebahn.de Die Seiten des MBC Kassel e.V. im K\u00f6nigstor mit den Modellbahnanlagen und dem Modellbahmuseum erreichen Sie unter: http:\/\/mbc-museum.de\/ Den Webmaster erreichen sie unter Webmaster (at)<\/p>\n","protected":false},"author":1,"featured_media":0,"parent":0,"menu_order":0,"comment_status":"open","ping_status":"open","template":"","meta":{"_monsterinsights_skip_tracking":false,"_monsterinsights_sitenote_active":false,"_monsterinsights_sitenote_note":"","_monsterinsights_sitenote_category":0,"jetpack_post_was_ever_published":false,"footnotes":""},"class_list":["post-21","page","type-page","status-publish","hentry"],"yoast_head":"<!-- This site is optimized with the Yoast SEO plugin v27.5 - https:\/\/yoast.com\/product\/yoast-seo-wordpress\/ -->\n<title>Kontakt - MBC Kassel e.V. Steinertseebahn und K\u00f6nigstorschule<\/title>\n<meta name=\"robots\" content=\"index, follow, max-snippet:-1, max-image-preview:large, max-video-preview:-1\" \/>\n<link rel=\"canonical\" href=\"https:\/\/steinertseebahn-kfg.de\/startseite\/kontakt\/\" \/>\n<meta property=\"og:locale\" content=\"de_DE\" \/>\n<meta property=\"og:type\" content=\"article\" \/>\n<meta property=\"og:title\" content=\"Kontakt - MBC Kassel e.V. Steinertseebahn und K\u00f6nigstorschule\" \/>\n<meta property=\"og:description\" content=\"Kontakt Wenn Sie an Veranstaltungen teilnehmen m\u00f6chten, unsere Anlage nutzen m\u00f6chten oder mit uns Kontakt aufnehmen wollen, schicken Sie bitte eine Mail Fragen, W\u00fcnsche, Anregungen: Anfragen an die SSB Den Vorstand erreichen Sie unter: federau(at)steinertseebahn.de Die Seiten des MBC Kassel e.V. im K\u00f6nigstor mit den Modellbahnanlagen und dem Modellbahmuseum erreichen Sie unter: http:\/\/mbc-museum.de\/ Den Webmaster erreichen sie unter Webmaster (at)\" \/>\n<meta property=\"og:url\" content=\"https:\/\/steinertseebahn-kfg.de\/startseite\/kontakt\/\" \/>\n<meta property=\"og:site_name\" content=\"MBC Kassel e.V. Steinertseebahn und K\u00f6nigstorschule\" \/>\n<meta property=\"article:publisher\" content=\"https:\/\/www.facebook.com\/ModellBahnClubKasselSteinertseebahnkaufungen\/\" \/>\n<meta property=\"article:modified_time\" content=\"2019-05-11T12:19:05+00:00\" \/>\n<meta property=\"og:image\" content=\"https:\/\/steinertseebahn-kfg.de\/wp-content\/uploads\/2018\/10\/Markus-Bilderkiste0620-1024x772.jpg\" \/>\n<script type=\"application\/ld+json\" class=\"yoast-schema-graph\">{\"@context\":\"https:\\\/\\\/schema.org\",\"@graph\":[{\"@type\":\"WebPage\",\"@id\":\"https:\\\/\\\/steinertseebahn-kfg.de\\\/startseite\\\/kontakt\\\/\",\"url\":\"https:\\\/\\\/steinertseebahn-kfg.de\\\/startseite\\\/kontakt\\\/\",\"name\":\"Kontakt - MBC Kassel e.V. Steinertseebahn und K\u00f6nigstorschule\",\"isPartOf\":{\"@id\":\"https:\\\/\\\/steinertseebahn-kfg.de\\\/startseite\\\/#website\"},\"primaryImageOfPage\":{\"@id\":\"https:\\\/\\\/steinertseebahn-kfg.de\\\/startseite\\\/kontakt\\\/#primaryimage\"},\"image\":{\"@id\":\"https:\\\/\\\/steinertseebahn-kfg.de\\\/startseite\\\/kontakt\\\/#primaryimage\"},\"thumbnailUrl\":\"https:\\\/\\\/steinertseebahn-kfg.de\\\/wp-content\\\/uploads\\\/2018\\\/10\\\/Markus-Bilderkiste0620-1024x772.jpg\",\"datePublished\":\"2011-04-10T20:45:36+00:00\",\"dateModified\":\"2019-05-11T12:19:05+00:00\",\"breadcrumb\":{\"@id\":\"https:\\\/\\\/steinertseebahn-kfg.de\\\/startseite\\\/kontakt\\\/#breadcrumb\"},\"inLanguage\":\"de\",\"potentialAction\":[{\"@type\":\"ReadAction\",\"target\":[\"https:\\\/\\\/steinertseebahn-kfg.de\\\/startseite\\\/kontakt\\\/\"]}]},{\"@type\":\"ImageObject\",\"inLanguage\":\"de\",\"@id\":\"https:\\\/\\\/steinertseebahn-kfg.de\\\/startseite\\\/kontakt\\\/#primaryimage\",\"url\":\"https:\\\/\\\/steinertseebahn-kfg.de\\\/wp-content\\\/uploads\\\/2018\\\/10\\\/Markus-Bilderkiste0620-1024x772.jpg\",\"contentUrl\":\"https:\\\/\\\/steinertseebahn-kfg.de\\\/wp-content\\\/uploads\\\/2018\\\/10\\\/Markus-Bilderkiste0620-1024x772.jpg\"},{\"@type\":\"BreadcrumbList\",\"@id\":\"https:\\\/\\\/steinertseebahn-kfg.de\\\/startseite\\\/kontakt\\\/#breadcrumb\",\"itemListElement\":[{\"@type\":\"ListItem\",\"position\":1,\"name\":\"Startseite\",\"item\":\"https:\\\/\\\/steinertseebahn-kfg.de\\\/startseite\\\/\"},{\"@type\":\"ListItem\",\"position\":2,\"name\":\"Kontakt\"}]},{\"@type\":\"WebSite\",\"@id\":\"https:\\\/\\\/steinertseebahn-kfg.de\\\/startseite\\\/#website\",\"url\":\"https:\\\/\\\/steinertseebahn-kfg.de\\\/startseite\\\/\",\"name\":\"Steinertseebahn Kaufungen des MBC Kassel e.V.\",\"description\":\"Lifesteam und Modellbahn seit \u00fcber 40 Jahren\",\"publisher\":{\"@id\":\"https:\\\/\\\/steinertseebahn-kfg.de\\\/startseite\\\/#organization\"},\"potentialAction\":[{\"@type\":\"SearchAction\",\"target\":{\"@type\":\"EntryPoint\",\"urlTemplate\":\"https:\\\/\\\/steinertseebahn-kfg.de\\\/startseite\\\/?s={search_term_string}\"},\"query-input\":{\"@type\":\"PropertyValueSpecification\",\"valueRequired\":true,\"valueName\":\"search_term_string\"}}],\"inLanguage\":\"de\"},{\"@type\":\"Organization\",\"@id\":\"https:\\\/\\\/steinertseebahn-kfg.de\\\/startseite\\\/#organization\",\"name\":\"MBC Kassel e.V. Steinertseebahn\",\"url\":\"https:\\\/\\\/steinertseebahn-kfg.de\\\/startseite\\\/\",\"logo\":{\"@type\":\"ImageObject\",\"inLanguage\":\"de\",\"@id\":\"https:\\\/\\\/steinertseebahn-kfg.de\\\/startseite\\\/#\\\/schema\\\/logo\\\/image\\\/\",\"url\":\"https:\\\/\\\/i2.wp.com\\\/steinertseebahn-kfg.de\\\/wp-content\\\/uploads\\\/2015\\\/07\\\/Logo-SSB.png?fit=865%2C198&ssl=1\",\"contentUrl\":\"https:\\\/\\\/i2.wp.com\\\/steinertseebahn-kfg.de\\\/wp-content\\\/uploads\\\/2015\\\/07\\\/Logo-SSB.png?fit=865%2C198&ssl=1\",\"width\":865,\"height\":198,\"caption\":\"MBC Kassel e.V. Steinertseebahn\"},\"image\":{\"@id\":\"https:\\\/\\\/steinertseebahn-kfg.de\\\/startseite\\\/#\\\/schema\\\/logo\\\/image\\\/\"},\"sameAs\":[\"https:\\\/\\\/www.facebook.com\\\/ModellBahnClubKasselSteinertseebahnkaufungen\\\/\"]}]}<\/script>\n<!-- \/ Yoast SEO plugin. -->","yoast_head_json":{"title":"Kontakt - MBC Kassel e.V. Steinertseebahn und K\u00f6nigstorschule","robots":{"index":"index","follow":"follow","max-snippet":"max-snippet:-1","max-image-preview":"max-image-preview:large","max-video-preview":"max-video-preview:-1"},"canonical":"https:\/\/steinertseebahn-kfg.de\/startseite\/kontakt\/","og_locale":"de_DE","og_type":"article","og_title":"Kontakt - MBC Kassel e.V. Steinertseebahn und K\u00f6nigstorschule","og_description":"Kontakt Wenn Sie an Veranstaltungen teilnehmen m\u00f6chten, unsere Anlage nutzen m\u00f6chten oder mit uns Kontakt aufnehmen wollen, schicken Sie bitte eine Mail Fragen, W\u00fcnsche, Anregungen: Anfragen an die SSB Den Vorstand erreichen Sie unter: federau(at)steinertseebahn.de Die Seiten des MBC Kassel e.V. im K\u00f6nigstor mit den Modellbahnanlagen und dem Modellbahmuseum erreichen Sie unter: http:\/\/mbc-museum.de\/ Den Webmaster erreichen sie unter Webmaster (at)","og_url":"https:\/\/steinertseebahn-kfg.de\/startseite\/kontakt\/","og_site_name":"MBC Kassel e.V. Steinertseebahn und K\u00f6nigstorschule","article_publisher":"https:\/\/www.facebook.com\/ModellBahnClubKasselSteinertseebahnkaufungen\/","article_modified_time":"2019-05-11T12:19:05+00:00","og_image":[{"url":"https:\/\/steinertseebahn-kfg.de\/wp-content\/uploads\/2018\/10\/Markus-Bilderkiste0620-1024x772.jpg","type":"","width":"","height":""}],"schema":{"@context":"https:\/\/schema.org","@graph":[{"@type":"WebPage","@id":"https:\/\/steinertseebahn-kfg.de\/startseite\/kontakt\/","url":"https:\/\/steinertseebahn-kfg.de\/startseite\/kontakt\/","name":"Kontakt - MBC Kassel e.V. Steinertseebahn und K\u00f6nigstorschule","isPartOf":{"@id":"https:\/\/steinertseebahn-kfg.de\/startseite\/#website"},"primaryImageOfPage":{"@id":"https:\/\/steinertseebahn-kfg.de\/startseite\/kontakt\/#primaryimage"},"image":{"@id":"https:\/\/steinertseebahn-kfg.de\/startseite\/kontakt\/#primaryimage"},"thumbnailUrl":"https:\/\/steinertseebahn-kfg.de\/wp-content\/uploads\/2018\/10\/Markus-Bilderkiste0620-1024x772.jpg","datePublished":"2011-04-10T20:45:36+00:00","dateModified":"2019-05-11T12:19:05+00:00","breadcrumb":{"@id":"https:\/\/steinertseebahn-kfg.de\/startseite\/kontakt\/#breadcrumb"},"inLanguage":"de","potentialAction":[{"@type":"ReadAction","target":["https:\/\/steinertseebahn-kfg.de\/startseite\/kontakt\/"]}]},{"@type":"ImageObject","inLanguage":"de","@id":"https:\/\/steinertseebahn-kfg.de\/startseite\/kontakt\/#primaryimage","url":"https:\/\/steinertseebahn-kfg.de\/wp-content\/uploads\/2018\/10\/Markus-Bilderkiste0620-1024x772.jpg","contentUrl":"https:\/\/steinertseebahn-kfg.de\/wp-content\/uploads\/2018\/10\/Markus-Bilderkiste0620-1024x772.jpg"},{"@type":"BreadcrumbList","@id":"https:\/\/steinertseebahn-kfg.de\/startseite\/kontakt\/#breadcrumb","itemListElement":[{"@type":"ListItem","position":1,"name":"Startseite","item":"https:\/\/steinertseebahn-kfg.de\/startseite\/"},{"@type":"ListItem","position":2,"name":"Kontakt"}]},{"@type":"WebSite","@id":"https:\/\/steinertseebahn-kfg.de\/startseite\/#website","url":"https:\/\/steinertseebahn-kfg.de\/startseite\/","name":"Steinertseebahn Kaufungen des MBC Kassel e.V.","description":"Lifesteam und Modellbahn seit \u00fcber 40 Jahren","publisher":{"@id":"https:\/\/steinertseebahn-kfg.de\/startseite\/#organization"},"potentialAction":[{"@type":"SearchAction","target":{"@type":"EntryPoint","urlTemplate":"https:\/\/steinertseebahn-kfg.de\/startseite\/?s={search_term_string}"},"query-input":{"@type":"PropertyValueSpecification","valueRequired":true,"valueName":"search_term_string"}}],"inLanguage":"de"},{"@type":"Organization","@id":"https:\/\/steinertseebahn-kfg.de\/startseite\/#organization","name":"MBC Kassel e.V. Steinertseebahn","url":"https:\/\/steinertseebahn-kfg.de\/startseite\/","logo":{"@type":"ImageObject","inLanguage":"de","@id":"https:\/\/steinertseebahn-kfg.de\/startseite\/#\/schema\/logo\/image\/","url":"https:\/\/i2.wp.com\/steinertseebahn-kfg.de\/wp-content\/uploads\/2015\/07\/Logo-SSB.png?fit=865%2C198&ssl=1","contentUrl":"https:\/\/i2.wp.com\/steinertseebahn-kfg.de\/wp-content\/uploads\/2015\/07\/Logo-SSB.png?fit=865%2C198&ssl=1","width":865,"height":198,"caption":"MBC Kassel e.V. Steinertseebahn"},"image":{"@id":"https:\/\/steinertseebahn-kfg.de\/startseite\/#\/schema\/logo\/image\/"},"sameAs":["https:\/\/www.facebook.com\/ModellBahnClubKasselSteinertseebahnkaufungen\/"]}]}},"jetpack_sharing_enabled":true,"jetpack_shortlink":"https:\/\/wp.me\/P3r7K2-l","jetpack_likes_enabled":true,"jetpack-related-posts":[],"_links":{"self":[{"href":"https:\/\/steinertseebahn-kfg.de\/startseite\/wp-json\/wp\/v2\/pages\/21","targetHints":{"allow":["GET"]}}],"collection":[{"href":"https:\/\/steinertseebahn-kfg.de\/startseite\/wp-json\/wp\/v2\/pages"}],"about":[{"href":"https:\/\/steinertseebahn-kfg.de\/startseite\/wp-json\/wp\/v2\/types\/page"}],"author":[{"embeddable":true,"href":"https:\/\/steinertseebahn-kfg.de\/startseite\/wp-json\/wp\/v2\/users\/1"}],"replies":[{"embeddable":true,"href":"https:\/\/steinertseebahn-kfg.de\/startseite\/wp-json\/wp\/v2\/comments?post=21"}],"version-history":[{"count":16,"href":"https:\/\/steinertseebahn-kfg.de\/startseite\/wp-json\/wp\/v2\/pages\/21\/revisions"}],"predecessor-version":[{"id":2965,"href":"https:\/\/steinertseebahn-kfg.de\/startseite\/wp-json\/wp\/v2\/pages\/21\/revisions\/2965"}],"wp:attachment":[{"href":"https:\/\/steinertseebahn-kfg.de\/startseite\/wp-json\/wp\/v2\/media?parent=21"}],"curies":[{"name":"wp","href":"https:\/\/api.w.org\/{rel}","templated":true}]}}