{"id":31,"date":"2011-04-13T19:19:39","date_gmt":"2011-04-13T17:19:39","guid":{"rendered":"http:\/\/blog.steinertseebahn.de\/?page_id=31"},"modified":"2026-04-24T19:11:52","modified_gmt":"2026-04-24T17:11:52","slug":"termine-und-offnungszeiten","status":"publish","type":"page","link":"https:\/\/steinertseebahn-kfg.de\/startseite\/termine-und-offnungszeiten\/","title":{"rendered":"Termine, Preise und \u00d6ffnungszeiten"},"content":{"rendered":"\t\t<div data-elementor-type=\"wp-page\" data-elementor-id=\"31\" class=\"elementor elementor-31\">\n\t\t\t\t<div class=\"elementor-element elementor-element-48e1bed2 e-flex e-con-boxed e-con e-parent\" data-id=\"48e1bed2\" data-element_type=\"container\">\n\t\t\t\t\t<div class=\"e-con-inner\">\n\t\t\t\t<div class=\"elementor-element elementor-element-728ab1b5 elementor-widget elementor-widget-text-editor\" data-id=\"728ab1b5\" data-element_type=\"widget\" data-widget_type=\"text-editor.default\">\n\t\t\t\t\t\t\t\t\t\n<h2 class=\"wp-block-heading\">Fahrbetrieb und Termine <strong>2026<\/strong>\u00a0f\u00fcr Kaufungen und K\u00f6nigstor<\/h2>\n\n<h2><strong>Steinertseebahn Kaufungen <img decoding=\"async\" data-recalc-dims=\"1\" class=\"alignleft size-thumbnail wp-image-4045\" src=\"https:\/\/i0.wp.com\/steinertseebahn-kfg.de\/wp-content\/uploads\/2023\/07\/Steampunk2-150x150.webp?resize=150%2C150&#038;ssl=1\" alt=\"\" width=\"150\" height=\"150\" srcset=\"https:\/\/i0.wp.com\/steinertseebahn-kfg.de\/wp-content\/uploads\/2023\/07\/Steampunk2-jpg.webp?resize=150%2C150&amp;ssl=1 150w, https:\/\/i0.wp.com\/steinertseebahn-kfg.de\/wp-content\/uploads\/2023\/07\/Steampunk2-jpg.webp?zoom=2&amp;resize=150%2C150&amp;ssl=1 300w, https:\/\/i0.wp.com\/steinertseebahn-kfg.de\/wp-content\/uploads\/2023\/07\/Steampunk2-jpg.webp?zoom=3&amp;resize=150%2C150&amp;ssl=1 450w\" sizes=\"(max-width: 150px) 100vw, 150px\" \/><br \/><\/strong><\/h2>\n<p>Fahrbetrieb ist an den untenstehenden Terminen.<br \/>Wir sind von 13:00 &#8211; 17:00 f\u00fcr sie da.<\/p>\n<h2><\/h2>\n<h3><strong>03., 05.+06.04.2026 (Ostern)<\/strong><br \/><strong>01.+03.05.2026 (Tag der Arbeit)<\/strong><br \/><strong>14.+17.05.2026 (Himmelfahrt, Sonntag)<\/strong><br \/><strong>24.05.+25.05.2026 (Pfingsten)<\/strong><br \/><strong>04.06.2026 (Fronleichnam)<br \/><\/strong><strong>15.08.2026 (Sonderfahrtag zu &#8222;<a href=\"https:\/\/www.kaufungen.eu\/Aktuelles\/Veranstaltungen\/Steinertsee-Open-Air.php?object=tx,2655.4.1&amp;ModID=11&amp;FID=2655.1179.1&amp;NavID=2655.24&amp;La=1&amp;sfort=1&amp;sfreg=1\">50 Jahre Steinertseepark<\/a>&#8222;) 12.+13.09.2026<\/strong><br \/><strong>03.+04.10.2026 (Tag der Einheit)<\/strong><\/h3>\n<p>An allen Tage ist zus\u00e4tzlich zum normalen Catering-Angebot (Getr\u00e4nke, Kaffee, Kuchen) <br \/>unsere Bratwurstbraterei in Betrieb.<\/p>\n<p><em><strong>Bei sehr schlechtem Wetter \/ Pandemien \/ Naturkatastrophen behalten wir uns die Einstellung \/ den Ausfall des Fahrbetriebes vor.<br \/>Bitte informieren sie sich \u00fcber unsere Website!<\/strong><\/em><\/p>\n<h2><\/h2>\n<h2><strong><img decoding=\"async\" data-recalc-dims=\"1\" class=\"alignleft size-thumbnail wp-image-3241\" src=\"https:\/\/i0.wp.com\/steinertseebahn-kfg.de\/wp-content\/uploads\/2020\/11\/WhatsApp-Image-2020-11-02-at-16.03.31-2.jpeg?resize=150%2C150&#038;ssl=1\" alt=\"\" width=\"150\" height=\"150\" srcset=\"https:\/\/i0.wp.com\/steinertseebahn-kfg.de\/wp-content\/uploads\/2020\/11\/WhatsApp-Image-2020-11-02-at-16.03.31-2.jpeg?resize=150%2C150&amp;ssl=1 150w, https:\/\/i0.wp.com\/steinertseebahn-kfg.de\/wp-content\/uploads\/2020\/11\/WhatsApp-Image-2020-11-02-at-16.03.31-2.jpeg?zoom=2&amp;resize=150%2C150&amp;ssl=1 300w, https:\/\/i0.wp.com\/steinertseebahn-kfg.de\/wp-content\/uploads\/2020\/11\/WhatsApp-Image-2020-11-02-at-16.03.31-2.jpeg?zoom=3&amp;resize=150%2C150&amp;ssl=1 450w\" sizes=\"(max-width: 150px) 100vw, 150px\" \/>K\u00f6nigstorschule<\/strong><\/h2>\n<p><strong><span style=\"color: #ff0000;\">!Die weiteren Termine in 2026 fallen wegen baulicher Probleme leider aus!<\/span><\/strong><\/p>\n<p><strong>Termine f\u00fcr Mitglieder finden sich im Mitgliederbereich<\/strong><\/p>\n<p>\u00a0<\/p>\n<p><strong>Preise<br \/><br \/>In der K\u00f6nigstorschule bitten wir um eine Spende.<br \/><\/strong><strong>Der Fahrpreis der Steinertseebahn betr\u00e4gt pro Person z.Z. :<br \/>1 Fahrt\u00a0\u00a0\u00a0\u00a0\u00a0\u00a0\u00a0\u00a0\u00a0 2,00 \u20ac<br \/>6 Fahrten\u00a0\u00a0 10,00 \u20ac<br \/>13 Fahrten 20,00 \u20ac <br \/><\/strong><\/p>\n\n<p>Kinder unter 4 Jahren m\u00fcssen von einer Aufsichtsperson begleitet werden.<br \/>Die Aufsichtsperson f\u00e4hrt FREI, Mindestalter 14 Jahre; pro Aufsichtsperson maximal 2 Kinder unter 4 Jahren.<\/p>\n\n<p><img fetchpriority=\"high\" decoding=\"async\" data-recalc-dims=\"1\" class=\"alignright wp-image-3240 size-medium\" src=\"https:\/\/i0.wp.com\/steinertseebahn-kfg.de\/wp-content\/uploads\/2020\/11\/WhatsApp-Image-2020-11-02-at-16.03.31-1.jpeg?resize=300%2C225&#038;ssl=1\" alt=\"\" width=\"300\" height=\"225\" srcset=\"https:\/\/i0.wp.com\/steinertseebahn-kfg.de\/wp-content\/uploads\/2020\/11\/WhatsApp-Image-2020-11-02-at-16.03.31-1.jpeg?w=1600&amp;ssl=1 1600w, https:\/\/i0.wp.com\/steinertseebahn-kfg.de\/wp-content\/uploads\/2020\/11\/WhatsApp-Image-2020-11-02-at-16.03.31-1.jpeg?resize=300%2C225&amp;ssl=1 300w, https:\/\/i0.wp.com\/steinertseebahn-kfg.de\/wp-content\/uploads\/2020\/11\/WhatsApp-Image-2020-11-02-at-16.03.31-1.jpeg?resize=1024%2C768&amp;ssl=1 1024w, https:\/\/i0.wp.com\/steinertseebahn-kfg.de\/wp-content\/uploads\/2020\/11\/WhatsApp-Image-2020-11-02-at-16.03.31-1.jpeg?resize=768%2C576&amp;ssl=1 768w, https:\/\/i0.wp.com\/steinertseebahn-kfg.de\/wp-content\/uploads\/2020\/11\/WhatsApp-Image-2020-11-02-at-16.03.31-1.jpeg?resize=1536%2C1152&amp;ssl=1 1536w, https:\/\/i0.wp.com\/steinertseebahn-kfg.de\/wp-content\/uploads\/2020\/11\/WhatsApp-Image-2020-11-02-at-16.03.31-1.jpeg?resize=400%2C300&amp;ssl=1 400w\" sizes=\"(max-width: 300px) 100vw, 300px\" \/><\/p>\n\n<figure class=\"wp-block-image\"><img loading=\"lazy\" decoding=\"async\" data-recalc-dims=\"1\" class=\"alignleft wp-image-2529 size-medium\" src=\"https:\/\/i0.wp.com\/steinertseebahn-kfg.de\/wp-content\/uploads\/2018\/10\/IMG_1152.jpg?resize=300%2C200&#038;ssl=1\" alt=\"Ansicht Fahrtag Bahnhof\" width=\"300\" height=\"200\" srcset=\"https:\/\/i0.wp.com\/steinertseebahn-kfg.de\/wp-content\/uploads\/2018\/10\/IMG_1152.jpg?w=4272&amp;ssl=1 4272w, https:\/\/i0.wp.com\/steinertseebahn-kfg.de\/wp-content\/uploads\/2018\/10\/IMG_1152.jpg?resize=300%2C200&amp;ssl=1 300w, https:\/\/i0.wp.com\/steinertseebahn-kfg.de\/wp-content\/uploads\/2018\/10\/IMG_1152.jpg?resize=768%2C512&amp;ssl=1 768w, https:\/\/i0.wp.com\/steinertseebahn-kfg.de\/wp-content\/uploads\/2018\/10\/IMG_1152.jpg?resize=1024%2C683&amp;ssl=1 1024w, https:\/\/i0.wp.com\/steinertseebahn-kfg.de\/wp-content\/uploads\/2018\/10\/IMG_1152.jpg?resize=450%2C300&amp;ssl=1 450w, https:\/\/i0.wp.com\/steinertseebahn-kfg.de\/wp-content\/uploads\/2018\/10\/IMG_1152.jpg?w=1800&amp;ssl=1 1800w, https:\/\/i0.wp.com\/steinertseebahn-kfg.de\/wp-content\/uploads\/2018\/10\/IMG_1152.jpg?w=2700&amp;ssl=1 2700w\" sizes=\"(max-width: 300px) 100vw, 300px\" \/><\/figure>\n\t\t\t\t\t\t\t\t<\/div>\n\t\t\t\t\t<\/div>\n\t\t\t\t<\/div>\n\t\t\t\t<\/div>\n\t\t","protected":false},"excerpt":{"rendered":"<p>Fahrbetrieb und Termine 2026\u00a0f\u00fcr Kaufungen und K\u00f6nigstor Steinertseebahn Kaufungen Fahrbetrieb ist an den untenstehenden Terminen.Wir sind von 13:00 &#8211; 17:00 f\u00fcr sie da. 03., 05.+06.04.2026 (Ostern)01.+03.05.2026 (Tag der Arbeit)14.+17.05.2026 (Himmelfahrt, Sonntag)24.05.+25.05.2026 (Pfingsten)04.06.2026 (Fronleichnam)15.08.2026 (Sonderfahrtag zu &#8222;50 Jahre Steinertseepark&#8222;) 12.+13.09.202603.+04.10.2026 (Tag der Einheit) An allen Tage ist zus\u00e4tzlich zum normalen Catering-Angebot (Getr\u00e4nke, Kaffee, Kuchen) unsere Bratwurstbraterei in Betrieb. Bei sehr schlechtem<\/p>\n","protected":false},"author":2,"featured_media":3397,"parent":0,"menu_order":0,"comment_status":"open","ping_status":"closed","template":"","meta":{"_monsterinsights_skip_tracking":false,"_monsterinsights_sitenote_active":false,"_monsterinsights_sitenote_note":"","_monsterinsights_sitenote_category":0,"jetpack_post_was_ever_published":false,"footnotes":""},"class_list":["post-31","page","type-page","status-publish","has-post-thumbnail","hentry"],"yoast_head":"<!-- This site is optimized with the Yoast SEO plugin v27.5 - https:\/\/yoast.com\/product\/yoast-seo-wordpress\/ -->\n<title>Termine, Preise und \u00d6ffnungszeiten - MBC Kassel e.V. Steinertseebahn und K\u00f6nigstorschule<\/title>\n<meta name=\"description\" content=\"Fahrbetrieb und \u00d6ffnungstage in Kaufungen und in der K\u00f6nigstorschule\" \/>\n<meta name=\"robots\" content=\"index, follow, max-snippet:-1, max-image-preview:large, max-video-preview:-1\" \/>\n<link rel=\"canonical\" href=\"https:\/\/steinertseebahn-kfg.de\/startseite\/termine-und-offnungszeiten\/\" \/>\n<meta property=\"og:locale\" content=\"de_DE\" \/>\n<meta property=\"og:type\" content=\"article\" \/>\n<meta property=\"og:title\" content=\"Termine, Preise und \u00d6ffnungszeiten - MBC Kassel e.V. Steinertseebahn und K\u00f6nigstorschule\" \/>\n<meta property=\"og:description\" content=\"Fahrbetrieb und \u00d6ffnungstage in Kaufungen und in der K\u00f6nigstorschule\" \/>\n<meta property=\"og:url\" content=\"https:\/\/steinertseebahn-kfg.de\/startseite\/termine-und-offnungszeiten\/\" \/>\n<meta property=\"og:site_name\" content=\"MBC Kassel e.V. Steinertseebahn und K\u00f6nigstorschule\" \/>\n<meta property=\"article:publisher\" content=\"https:\/\/www.facebook.com\/ModellBahnClubKasselSteinertseebahnkaufungen\/\" \/>\n<meta property=\"article:modified_time\" content=\"2026-04-24T17:11:52+00:00\" \/>\n<meta property=\"og:image\" content=\"https:\/\/steinertseebahn-kfg.de\/wp-content\/uploads\/2022\/01\/Termine-2022.jpg\" \/>\n\t<meta property=\"og:image:width\" content=\"554\" \/>\n\t<meta property=\"og:image:height\" content=\"668\" \/>\n\t<meta property=\"og:image:type\" content=\"image\/jpeg\" \/>\n<meta name=\"twitter:label1\" content=\"Gesch\u00e4tzte Lesezeit\" \/>\n\t<meta name=\"twitter:data1\" content=\"2\u00a0Minuten\" \/>\n<script type=\"application\/ld+json\" class=\"yoast-schema-graph\">{\"@context\":\"https:\\\/\\\/schema.org\",\"@graph\":[{\"@type\":\"Article\",\"@id\":\"https:\\\/\\\/steinertseebahn-kfg.de\\\/startseite\\\/termine-und-offnungszeiten\\\/#article\",\"isPartOf\":{\"@id\":\"https:\\\/\\\/steinertseebahn-kfg.de\\\/startseite\\\/termine-und-offnungszeiten\\\/\"},\"author\":{\"name\":\"Olaf\",\"@id\":\"https:\\\/\\\/steinertseebahn-kfg.de\\\/startseite\\\/#\\\/schema\\\/person\\\/773765bdbc5c576bcd6e9ec97f4f7692\"},\"headline\":\"Termine, Preise und \u00d6ffnungszeiten\",\"datePublished\":\"2011-04-13T17:19:39+00:00\",\"dateModified\":\"2026-04-24T17:11:52+00:00\",\"mainEntityOfPage\":{\"@id\":\"https:\\\/\\\/steinertseebahn-kfg.de\\\/startseite\\\/termine-und-offnungszeiten\\\/\"},\"wordCount\":150,\"commentCount\":7,\"publisher\":{\"@id\":\"https:\\\/\\\/steinertseebahn-kfg.de\\\/startseite\\\/#organization\"},\"image\":{\"@id\":\"https:\\\/\\\/steinertseebahn-kfg.de\\\/startseite\\\/termine-und-offnungszeiten\\\/#primaryimage\"},\"thumbnailUrl\":\"https:\\\/\\\/i0.wp.com\\\/steinertseebahn-kfg.de\\\/wp-content\\\/uploads\\\/2021\\\/08\\\/Lichterfest2.jpg?fit=1080%2C1080&ssl=1\",\"inLanguage\":\"de\",\"potentialAction\":[{\"@type\":\"CommentAction\",\"name\":\"Comment\",\"target\":[\"https:\\\/\\\/steinertseebahn-kfg.de\\\/startseite\\\/termine-und-offnungszeiten\\\/#respond\"]}]},{\"@type\":[\"WebPage\",\"QAPage\"],\"@id\":\"https:\\\/\\\/steinertseebahn-kfg.de\\\/startseite\\\/termine-und-offnungszeiten\\\/\",\"url\":\"https:\\\/\\\/steinertseebahn-kfg.de\\\/startseite\\\/termine-und-offnungszeiten\\\/\",\"name\":\"Termine, Preise und \u00d6ffnungszeiten - MBC Kassel e.V. Steinertseebahn und K\u00f6nigstorschule\",\"isPartOf\":{\"@id\":\"https:\\\/\\\/steinertseebahn-kfg.de\\\/startseite\\\/#website\"},\"primaryImageOfPage\":{\"@id\":\"https:\\\/\\\/steinertseebahn-kfg.de\\\/startseite\\\/termine-und-offnungszeiten\\\/#primaryimage\"},\"image\":{\"@id\":\"https:\\\/\\\/steinertseebahn-kfg.de\\\/startseite\\\/termine-und-offnungszeiten\\\/#primaryimage\"},\"thumbnailUrl\":\"https:\\\/\\\/i0.wp.com\\\/steinertseebahn-kfg.de\\\/wp-content\\\/uploads\\\/2021\\\/08\\\/Lichterfest2.jpg?fit=1080%2C1080&ssl=1\",\"datePublished\":\"2011-04-13T17:19:39+00:00\",\"dateModified\":\"2026-04-24T17:11:52+00:00\",\"description\":\"Fahrbetrieb und \u00d6ffnungstage in Kaufungen und in der K\u00f6nigstorschule\",\"breadcrumb\":{\"@id\":\"https:\\\/\\\/steinertseebahn-kfg.de\\\/startseite\\\/termine-und-offnungszeiten\\\/#breadcrumb\"},\"inLanguage\":\"de\",\"potentialAction\":[{\"@type\":\"ReadAction\",\"target\":[\"https:\\\/\\\/steinertseebahn-kfg.de\\\/startseite\\\/termine-und-offnungszeiten\\\/\"]}]},{\"@type\":\"ImageObject\",\"inLanguage\":\"de\",\"@id\":\"https:\\\/\\\/steinertseebahn-kfg.de\\\/startseite\\\/termine-und-offnungszeiten\\\/#primaryimage\",\"url\":\"https:\\\/\\\/i0.wp.com\\\/steinertseebahn-kfg.de\\\/wp-content\\\/uploads\\\/2021\\\/08\\\/Lichterfest2.jpg?fit=1080%2C1080&ssl=1\",\"contentUrl\":\"https:\\\/\\\/i0.wp.com\\\/steinertseebahn-kfg.de\\\/wp-content\\\/uploads\\\/2021\\\/08\\\/Lichterfest2.jpg?fit=1080%2C1080&ssl=1\",\"width\":1080,\"height\":1080},{\"@type\":\"BreadcrumbList\",\"@id\":\"https:\\\/\\\/steinertseebahn-kfg.de\\\/startseite\\\/termine-und-offnungszeiten\\\/#breadcrumb\",\"itemListElement\":[{\"@type\":\"ListItem\",\"position\":1,\"name\":\"Startseite\",\"item\":\"https:\\\/\\\/steinertseebahn-kfg.de\\\/startseite\\\/\"},{\"@type\":\"ListItem\",\"position\":2,\"name\":\"Termine, Preise und \u00d6ffnungszeiten\"}]},{\"@type\":\"WebSite\",\"@id\":\"https:\\\/\\\/steinertseebahn-kfg.de\\\/startseite\\\/#website\",\"url\":\"https:\\\/\\\/steinertseebahn-kfg.de\\\/startseite\\\/\",\"name\":\"Steinertseebahn Kaufungen des MBC Kassel e.V.\",\"description\":\"Lifesteam und Modellbahn seit \u00fcber 40 Jahren\",\"publisher\":{\"@id\":\"https:\\\/\\\/steinertseebahn-kfg.de\\\/startseite\\\/#organization\"},\"potentialAction\":[{\"@type\":\"SearchAction\",\"target\":{\"@type\":\"EntryPoint\",\"urlTemplate\":\"https:\\\/\\\/steinertseebahn-kfg.de\\\/startseite\\\/?s={search_term_string}\"},\"query-input\":{\"@type\":\"PropertyValueSpecification\",\"valueRequired\":true,\"valueName\":\"search_term_string\"}}],\"inLanguage\":\"de\"},{\"@type\":\"Organization\",\"@id\":\"https:\\\/\\\/steinertseebahn-kfg.de\\\/startseite\\\/#organization\",\"name\":\"MBC Kassel e.V. Steinertseebahn\",\"url\":\"https:\\\/\\\/steinertseebahn-kfg.de\\\/startseite\\\/\",\"logo\":{\"@type\":\"ImageObject\",\"inLanguage\":\"de\",\"@id\":\"https:\\\/\\\/steinertseebahn-kfg.de\\\/startseite\\\/#\\\/schema\\\/logo\\\/image\\\/\",\"url\":\"https:\\\/\\\/i2.wp.com\\\/steinertseebahn-kfg.de\\\/wp-content\\\/uploads\\\/2015\\\/07\\\/Logo-SSB.png?fit=865%2C198&ssl=1\",\"contentUrl\":\"https:\\\/\\\/i2.wp.com\\\/steinertseebahn-kfg.de\\\/wp-content\\\/uploads\\\/2015\\\/07\\\/Logo-SSB.png?fit=865%2C198&ssl=1\",\"width\":865,\"height\":198,\"caption\":\"MBC Kassel e.V. Steinertseebahn\"},\"image\":{\"@id\":\"https:\\\/\\\/steinertseebahn-kfg.de\\\/startseite\\\/#\\\/schema\\\/logo\\\/image\\\/\"},\"sameAs\":[\"https:\\\/\\\/www.facebook.com\\\/ModellBahnClubKasselSteinertseebahnkaufungen\\\/\"]},{\"@type\":\"Person\",\"@id\":\"https:\\\/\\\/steinertseebahn-kfg.de\\\/startseite\\\/#\\\/schema\\\/person\\\/773765bdbc5c576bcd6e9ec97f4f7692\",\"name\":\"Olaf\",\"image\":{\"@type\":\"ImageObject\",\"inLanguage\":\"de\",\"@id\":\"https:\\\/\\\/secure.gravatar.com\\\/avatar\\\/915315b4d388303c8e168917628e975753d5c85a174a04110e68973404cbe222?s=96&d=identicon&r=pg\",\"url\":\"https:\\\/\\\/secure.gravatar.com\\\/avatar\\\/915315b4d388303c8e168917628e975753d5c85a174a04110e68973404cbe222?s=96&d=identicon&r=pg\",\"contentUrl\":\"https:\\\/\\\/secure.gravatar.com\\\/avatar\\\/915315b4d388303c8e168917628e975753d5c85a174a04110e68973404cbe222?s=96&d=identicon&r=pg\",\"caption\":\"Olaf\"},\"url\":\"https:\\\/\\\/steinertseebahn-kfg.de\\\/startseite\\\/author\\\/olaf\\\/\"}]}<\/script>\n<!-- \/ Yoast SEO plugin. -->","yoast_head_json":{"title":"Termine, Preise und \u00d6ffnungszeiten - MBC Kassel e.V. Steinertseebahn und K\u00f6nigstorschule","description":"Fahrbetrieb und \u00d6ffnungstage in Kaufungen und in der K\u00f6nigstorschule","robots":{"index":"index","follow":"follow","max-snippet":"max-snippet:-1","max-image-preview":"max-image-preview:large","max-video-preview":"max-video-preview:-1"},"canonical":"https:\/\/steinertseebahn-kfg.de\/startseite\/termine-und-offnungszeiten\/","og_locale":"de_DE","og_type":"article","og_title":"Termine, Preise und \u00d6ffnungszeiten - MBC Kassel e.V. Steinertseebahn und K\u00f6nigstorschule","og_description":"Fahrbetrieb und \u00d6ffnungstage in Kaufungen und in der K\u00f6nigstorschule","og_url":"https:\/\/steinertseebahn-kfg.de\/startseite\/termine-und-offnungszeiten\/","og_site_name":"MBC Kassel e.V. Steinertseebahn und K\u00f6nigstorschule","article_publisher":"https:\/\/www.facebook.com\/ModellBahnClubKasselSteinertseebahnkaufungen\/","article_modified_time":"2026-04-24T17:11:52+00:00","og_image":[{"width":554,"height":668,"url":"https:\/\/steinertseebahn-kfg.de\/wp-content\/uploads\/2022\/01\/Termine-2022.jpg","type":"image\/jpeg"}],"twitter_misc":{"Gesch\u00e4tzte Lesezeit":"2\u00a0Minuten"},"schema":{"@context":"https:\/\/schema.org","@graph":[{"@type":"Article","@id":"https:\/\/steinertseebahn-kfg.de\/startseite\/termine-und-offnungszeiten\/#article","isPartOf":{"@id":"https:\/\/steinertseebahn-kfg.de\/startseite\/termine-und-offnungszeiten\/"},"author":{"name":"Olaf","@id":"https:\/\/steinertseebahn-kfg.de\/startseite\/#\/schema\/person\/773765bdbc5c576bcd6e9ec97f4f7692"},"headline":"Termine, Preise und \u00d6ffnungszeiten","datePublished":"2011-04-13T17:19:39+00:00","dateModified":"2026-04-24T17:11:52+00:00","mainEntityOfPage":{"@id":"https:\/\/steinertseebahn-kfg.de\/startseite\/termine-und-offnungszeiten\/"},"wordCount":150,"commentCount":7,"publisher":{"@id":"https:\/\/steinertseebahn-kfg.de\/startseite\/#organization"},"image":{"@id":"https:\/\/steinertseebahn-kfg.de\/startseite\/termine-und-offnungszeiten\/#primaryimage"},"thumbnailUrl":"https:\/\/i0.wp.com\/steinertseebahn-kfg.de\/wp-content\/uploads\/2021\/08\/Lichterfest2.jpg?fit=1080%2C1080&ssl=1","inLanguage":"de","potentialAction":[{"@type":"CommentAction","name":"Comment","target":["https:\/\/steinertseebahn-kfg.de\/startseite\/termine-und-offnungszeiten\/#respond"]}]},{"@type":["WebPage","QAPage"],"@id":"https:\/\/steinertseebahn-kfg.de\/startseite\/termine-und-offnungszeiten\/","url":"https:\/\/steinertseebahn-kfg.de\/startseite\/termine-und-offnungszeiten\/","name":"Termine, Preise und \u00d6ffnungszeiten - MBC Kassel e.V. Steinertseebahn und K\u00f6nigstorschule","isPartOf":{"@id":"https:\/\/steinertseebahn-kfg.de\/startseite\/#website"},"primaryImageOfPage":{"@id":"https:\/\/steinertseebahn-kfg.de\/startseite\/termine-und-offnungszeiten\/#primaryimage"},"image":{"@id":"https:\/\/steinertseebahn-kfg.de\/startseite\/termine-und-offnungszeiten\/#primaryimage"},"thumbnailUrl":"https:\/\/i0.wp.com\/steinertseebahn-kfg.de\/wp-content\/uploads\/2021\/08\/Lichterfest2.jpg?fit=1080%2C1080&ssl=1","datePublished":"2011-04-13T17:19:39+00:00","dateModified":"2026-04-24T17:11:52+00:00","description":"Fahrbetrieb und \u00d6ffnungstage in Kaufungen und in der K\u00f6nigstorschule","breadcrumb":{"@id":"https:\/\/steinertseebahn-kfg.de\/startseite\/termine-und-offnungszeiten\/#breadcrumb"},"inLanguage":"de","potentialAction":[{"@type":"ReadAction","target":["https:\/\/steinertseebahn-kfg.de\/startseite\/termine-und-offnungszeiten\/"]}]},{"@type":"ImageObject","inLanguage":"de","@id":"https:\/\/steinertseebahn-kfg.de\/startseite\/termine-und-offnungszeiten\/#primaryimage","url":"https:\/\/i0.wp.com\/steinertseebahn-kfg.de\/wp-content\/uploads\/2021\/08\/Lichterfest2.jpg?fit=1080%2C1080&ssl=1","contentUrl":"https:\/\/i0.wp.com\/steinertseebahn-kfg.de\/wp-content\/uploads\/2021\/08\/Lichterfest2.jpg?fit=1080%2C1080&ssl=1","width":1080,"height":1080},{"@type":"BreadcrumbList","@id":"https:\/\/steinertseebahn-kfg.de\/startseite\/termine-und-offnungszeiten\/#breadcrumb","itemListElement":[{"@type":"ListItem","position":1,"name":"Startseite","item":"https:\/\/steinertseebahn-kfg.de\/startseite\/"},{"@type":"ListItem","position":2,"name":"Termine, Preise und \u00d6ffnungszeiten"}]},{"@type":"WebSite","@id":"https:\/\/steinertseebahn-kfg.de\/startseite\/#website","url":"https:\/\/steinertseebahn-kfg.de\/startseite\/","name":"Steinertseebahn Kaufungen des MBC Kassel e.V.","description":"Lifesteam und Modellbahn seit \u00fcber 40 Jahren","publisher":{"@id":"https:\/\/steinertseebahn-kfg.de\/startseite\/#organization"},"potentialAction":[{"@type":"SearchAction","target":{"@type":"EntryPoint","urlTemplate":"https:\/\/steinertseebahn-kfg.de\/startseite\/?s={search_term_string}"},"query-input":{"@type":"PropertyValueSpecification","valueRequired":true,"valueName":"search_term_string"}}],"inLanguage":"de"},{"@type":"Organization","@id":"https:\/\/steinertseebahn-kfg.de\/startseite\/#organization","name":"MBC Kassel e.V. Steinertseebahn","url":"https:\/\/steinertseebahn-kfg.de\/startseite\/","logo":{"@type":"ImageObject","inLanguage":"de","@id":"https:\/\/steinertseebahn-kfg.de\/startseite\/#\/schema\/logo\/image\/","url":"https:\/\/i2.wp.com\/steinertseebahn-kfg.de\/wp-content\/uploads\/2015\/07\/Logo-SSB.png?fit=865%2C198&ssl=1","contentUrl":"https:\/\/i2.wp.com\/steinertseebahn-kfg.de\/wp-content\/uploads\/2015\/07\/Logo-SSB.png?fit=865%2C198&ssl=1","width":865,"height":198,"caption":"MBC Kassel e.V. Steinertseebahn"},"image":{"@id":"https:\/\/steinertseebahn-kfg.de\/startseite\/#\/schema\/logo\/image\/"},"sameAs":["https:\/\/www.facebook.com\/ModellBahnClubKasselSteinertseebahnkaufungen\/"]},{"@type":"Person","@id":"https:\/\/steinertseebahn-kfg.de\/startseite\/#\/schema\/person\/773765bdbc5c576bcd6e9ec97f4f7692","name":"Olaf","image":{"@type":"ImageObject","inLanguage":"de","@id":"https:\/\/secure.gravatar.com\/avatar\/915315b4d388303c8e168917628e975753d5c85a174a04110e68973404cbe222?s=96&d=identicon&r=pg","url":"https:\/\/secure.gravatar.com\/avatar\/915315b4d388303c8e168917628e975753d5c85a174a04110e68973404cbe222?s=96&d=identicon&r=pg","contentUrl":"https:\/\/secure.gravatar.com\/avatar\/915315b4d388303c8e168917628e975753d5c85a174a04110e68973404cbe222?s=96&d=identicon&r=pg","caption":"Olaf"},"url":"https:\/\/steinertseebahn-kfg.de\/startseite\/author\/olaf\/"}]}},"jetpack_sharing_enabled":true,"jetpack_shortlink":"https:\/\/wp.me\/P3r7K2-v","jetpack_likes_enabled":true,"jetpack-related-posts":[],"_links":{"self":[{"href":"https:\/\/steinertseebahn-kfg.de\/startseite\/wp-json\/wp\/v2\/pages\/31","targetHints":{"allow":["GET"]}}],"collection":[{"href":"https:\/\/steinertseebahn-kfg.de\/startseite\/wp-json\/wp\/v2\/pages"}],"about":[{"href":"https:\/\/steinertseebahn-kfg.de\/startseite\/wp-json\/wp\/v2\/types\/page"}],"author":[{"embeddable":true,"href":"https:\/\/steinertseebahn-kfg.de\/startseite\/wp-json\/wp\/v2\/users\/2"}],"replies":[{"embeddable":true,"href":"https:\/\/steinertseebahn-kfg.de\/startseite\/wp-json\/wp\/v2\/comments?post=31"}],"version-history":[{"count":75,"href":"https:\/\/steinertseebahn-kfg.de\/startseite\/wp-json\/wp\/v2\/pages\/31\/revisions"}],"predecessor-version":[{"id":4772,"href":"https:\/\/steinertseebahn-kfg.de\/startseite\/wp-json\/wp\/v2\/pages\/31\/revisions\/4772"}],"wp:featuredmedia":[{"embeddable":true,"href":"https:\/\/steinertseebahn-kfg.de\/startseite\/wp-json\/wp\/v2\/media\/3397"}],"wp:attachment":[{"href":"https:\/\/steinertseebahn-kfg.de\/startseite\/wp-json\/wp\/v2\/media?parent=31"}],"curies":[{"name":"wp","href":"https:\/\/api.w.org\/{rel}","templated":true}]}}