{"id":37,"date":"2011-04-13T19:26:16","date_gmt":"2011-04-13T18:26:16","guid":{"rendered":"http:\/\/blog.steinertseebahn.de\/?page_id=37"},"modified":"2018-08-01T14:33:02","modified_gmt":"2018-08-01T12:33:02","slug":"service","status":"publish","type":"page","link":"https:\/\/steinertseebahn-kfg.de\/startseite\/service\/","title":{"rendered":"Service, Links und Downloads"},"content":{"rendered":"<h2 style=\"text-align: center;\"><a title=\"Steinertseebahn App\" href=\"http:\/\/steinertseebahn-kfg.de\/?page_id=1027\">Neu: Die Steinertseebahn Homepage als App<\/a><\/h2>\n<p style=\"text-align: center;\">Sollten Sie weitere Informationen ben\u00f6tigen, k\u00f6nnen Sie uns unter den auf der Seite <a title=\"Kontakt\" href=\"http:\/\/steinertseebahn-kfg.de\/?page_id=21\">Kontakt<\/a> angegebenen Daten erreichen<\/p>\n<p style=\"text-align: center;\">Wenn Sie an Veranstaltungen teilnehmen m\u00f6chten und ggf. eigene Fahrzeuge mitbringen, freuen wir uns sehr (siehe auch Hinweise f\u00fcr Gastfahrer) w\u00fcrden uns aber um eine kurze Info freuen.<\/p>\n<p style=\"text-align: center;\">Hier stellen wir Ihnen einige Downloads zur Verf\u00fcgung.<\/p>\n<ul>\n<li style=\"text-align: center;\"><a href=\"https:\/\/steinertseebahn-kfg.de\/wp-content\/uploads\/2018\/08\/Aktuelle-Satzung.pdf\">Aktuelle Satzung<\/a><\/li>\n<li style=\"text-align: center;\"><a href=\"http:\/\/blog.steinertseebahn.de\/wp-content\/uploads\/2011\/02\/Chronik.pdf\">Chronik<\/a><\/li>\n<li style=\"text-align: center;\"><a href=\"https:\/\/steinertseebahn-kfg.de\/wp-content\/uploads\/2011\/04\/Kopie-von-Aufnahmeantrag_neu1.pdf\">Mitgliedsantrag<\/a><\/li>\n<li style=\"text-align: center;\"><a href=\"https:\/\/steinertseebahn-kfg.de\/wp-content\/uploads\/2011\/04\/Haftungserkl\u00e4rung_neu.pdf\">Haftungserkl\u00e4rung<\/a><\/li>\n<li style=\"text-align: center;\"><a href=\"https:\/\/www.facebook.com\/heiner.mueller.90\/videos\/o.508645199195987\/830597423783869\/?type=2&amp;theater&amp;notif_t=video_processed&amp;notif_id=1500210641991859\">Anfahrt als Film<\/a><\/li>\n<\/ul>\n<h2 style=\"text-align: center;\">Es stehen begrenzt Stellpl\u00e4tze f\u00fcr Wohnmobile und Wohnwagen zur Verf\u00fcgung<\/h2>\n<p style=\"text-align: center;\">weitere \u00dcbernachtungsm\u00f6glichkeiten finden Sie hier (externe Links):<br \/>\n<a title=\"Kassel Marketing\" href=\"http:\/\/www.kassel-marketing.de\/de\/hotels-und-angebote\" target=\"_blank\" rel=\"noopener\">Stadt Kassel<\/a><br \/>\n<a title=\"Gemeinde Kaufungen\" href=\"http:\/\/www.kaufungen.eu\/Kultur-Tourismus\/Schlafen-Essen-Trinken\" target=\"_blank\" rel=\"noopener\">Gemeinde Kaufungen<\/a><\/p>\n<p style=\"text-align: center;\">\u00a0Hier noch einige Links zu technischen Museen und weiteren sehenswerten Einrichtungen und Institutionen im Bereich von Kassel und Kaufungen (externe Links):<\/p>\n<p style=\"text-align: center;\"><a href=\"http:\/\/www.hessisches-ziegeleimuseum.de\/\" target=\"_blank\" rel=\"noopener\">Hessisches Ziegeleimuseum Oberkaufungen<\/a><\/p>\n<p style=\"text-align: center;\"><a title=\"Hessencourrier\" href=\"http:\/\/www.hessencourrier.de\/\" target=\"_blank\" rel=\"noopener\">Hessencourrier<\/a><\/p>\n<p style=\"text-align: center;\"><a title=\"Henschel-Museum\" href=\"http:\/\/www.henschel-museum.com\" target=\"_blank\" rel=\"noopener\">Henschel-Museum<\/a><\/p>\n<p style=\"text-align: center;\"><a title=\"Astronomisch-Physikalisches Museum Orangerie\" href=\"http:\/\/www.museum-kassel.de\/index_navi.php?parent=1035\" target=\"_blank\" rel=\"noopener\">Astronomisch-Physikalisches Museum Orangerie<\/a><\/p>\n<p style=\"text-align: center;\"><a title=\"Technik-Museum Kassel\" href=\"http:\/\/www.tmk-kassel.de\/\" target=\"_blank\" rel=\"noopener\">Technik-Museum Kassel<\/a><\/p>\n<p style=\"text-align: center;\"><a href=\"http:\/\/mbc-museum.de\/\" target=\"_blank\" rel=\"noopener\">MBC K\u00f6nigstor<\/a><\/p>\n<p style=\"text-align: center;\">und zwei Links zu unseren Freunden jenseits des Kanals (externe Links):<\/p>\n<p style=\"text-align: center;\"><a title=\"Newport\" href=\"http:\/\/www.newportmodelengineering.uk\/\">Newport Modell Engineering Society<\/a><\/p>\n<p style=\"text-align: center;\"><a title=\"UK\" href=\"http:\/\/modelengineeringwebsite.com\/Clubs.html\" target=\"_blank\" rel=\"noopener\">Liste der Model Engineering Clubs und Societies<br \/>\n<\/a><\/p>\n<p><a title=\"UK\" href=\"http:\/\/www.modeleng.org\/ukclubs.htm\" target=\"_blank\" rel=\"noopener\">\u00a0<\/a><\/p>\n<p>&nbsp;<\/p>\n<p>&nbsp;<\/p>\n<p>&nbsp;<\/p>\n<p>&nbsp;<\/p>\n<p>&nbsp;<\/p>\n","protected":false},"excerpt":{"rendered":"<p>Neu: Die Steinertseebahn Homepage als App Sollten Sie weitere Informationen ben\u00f6tigen, k\u00f6nnen Sie uns unter den auf der Seite Kontakt angegebenen Daten erreichen Wenn Sie an Veranstaltungen teilnehmen m\u00f6chten und ggf. eigene Fahrzeuge mitbringen, freuen wir uns sehr (siehe auch Hinweise f\u00fcr Gastfahrer) w\u00fcrden uns aber um eine kurze Info freuen. Hier stellen wir Ihnen einige Downloads zur Verf\u00fcgung. Aktuelle<\/p>\n","protected":false},"author":1,"featured_media":0,"parent":0,"menu_order":0,"comment_status":"open","ping_status":"closed","template":"","meta":{"_monsterinsights_skip_tracking":false,"_monsterinsights_sitenote_active":false,"_monsterinsights_sitenote_note":"","_monsterinsights_sitenote_category":0,"jetpack_post_was_ever_published":false,"footnotes":""},"class_list":["post-37","page","type-page","status-publish","hentry"],"yoast_head":"<!-- This site is optimized with the Yoast SEO plugin v27.5 - https:\/\/yoast.com\/product\/yoast-seo-wordpress\/ -->\n<title>Service, Links und Downloads - MBC Kassel e.V. Steinertseebahn und K\u00f6nigstorschule<\/title>\n<meta name=\"robots\" content=\"index, follow, max-snippet:-1, max-image-preview:large, max-video-preview:-1\" \/>\n<link rel=\"canonical\" href=\"https:\/\/steinertseebahn-kfg.de\/startseite\/service\/\" \/>\n<meta property=\"og:locale\" content=\"de_DE\" \/>\n<meta property=\"og:type\" content=\"article\" \/>\n<meta property=\"og:title\" content=\"Service, Links und Downloads - MBC Kassel e.V. Steinertseebahn und K\u00f6nigstorschule\" \/>\n<meta property=\"og:description\" content=\"Neu: Die Steinertseebahn Homepage als App Sollten Sie weitere Informationen ben\u00f6tigen, k\u00f6nnen Sie uns unter den auf der Seite Kontakt angegebenen Daten erreichen Wenn Sie an Veranstaltungen teilnehmen m\u00f6chten und ggf. eigene Fahrzeuge mitbringen, freuen wir uns sehr (siehe auch Hinweise f\u00fcr Gastfahrer) w\u00fcrden uns aber um eine kurze Info freuen. Hier stellen wir Ihnen einige Downloads zur Verf\u00fcgung. Aktuelle\" \/>\n<meta property=\"og:url\" content=\"https:\/\/steinertseebahn-kfg.de\/startseite\/service\/\" \/>\n<meta property=\"og:site_name\" content=\"MBC Kassel e.V. Steinertseebahn und K\u00f6nigstorschule\" \/>\n<meta property=\"article:publisher\" content=\"https:\/\/www.facebook.com\/ModellBahnClubKasselSteinertseebahnkaufungen\/\" \/>\n<meta property=\"article:modified_time\" content=\"2018-08-01T12:33:02+00:00\" \/>\n<meta name=\"twitter:label1\" content=\"Gesch\u00e4tzte Lesezeit\" \/>\n\t<meta name=\"twitter:data1\" content=\"1\u00a0Minute\" \/>\n<script type=\"application\/ld+json\" class=\"yoast-schema-graph\">{\"@context\":\"https:\\\/\\\/schema.org\",\"@graph\":[{\"@type\":\"WebPage\",\"@id\":\"https:\\\/\\\/steinertseebahn-kfg.de\\\/startseite\\\/service\\\/\",\"url\":\"https:\\\/\\\/steinertseebahn-kfg.de\\\/startseite\\\/service\\\/\",\"name\":\"Service, Links und Downloads - MBC Kassel e.V. Steinertseebahn und K\u00f6nigstorschule\",\"isPartOf\":{\"@id\":\"https:\\\/\\\/steinertseebahn-kfg.de\\\/startseite\\\/#website\"},\"datePublished\":\"2011-04-13T18:26:16+00:00\",\"dateModified\":\"2018-08-01T12:33:02+00:00\",\"breadcrumb\":{\"@id\":\"https:\\\/\\\/steinertseebahn-kfg.de\\\/startseite\\\/service\\\/#breadcrumb\"},\"inLanguage\":\"de\",\"potentialAction\":[{\"@type\":\"ReadAction\",\"target\":[\"https:\\\/\\\/steinertseebahn-kfg.de\\\/startseite\\\/service\\\/\"]}]},{\"@type\":\"BreadcrumbList\",\"@id\":\"https:\\\/\\\/steinertseebahn-kfg.de\\\/startseite\\\/service\\\/#breadcrumb\",\"itemListElement\":[{\"@type\":\"ListItem\",\"position\":1,\"name\":\"Startseite\",\"item\":\"https:\\\/\\\/steinertseebahn-kfg.de\\\/startseite\\\/\"},{\"@type\":\"ListItem\",\"position\":2,\"name\":\"Service, Links und Downloads\"}]},{\"@type\":\"WebSite\",\"@id\":\"https:\\\/\\\/steinertseebahn-kfg.de\\\/startseite\\\/#website\",\"url\":\"https:\\\/\\\/steinertseebahn-kfg.de\\\/startseite\\\/\",\"name\":\"Steinertseebahn Kaufungen des MBC Kassel e.V.\",\"description\":\"Lifesteam und Modellbahn seit \u00fcber 40 Jahren\",\"publisher\":{\"@id\":\"https:\\\/\\\/steinertseebahn-kfg.de\\\/startseite\\\/#organization\"},\"potentialAction\":[{\"@type\":\"SearchAction\",\"target\":{\"@type\":\"EntryPoint\",\"urlTemplate\":\"https:\\\/\\\/steinertseebahn-kfg.de\\\/startseite\\\/?s={search_term_string}\"},\"query-input\":{\"@type\":\"PropertyValueSpecification\",\"valueRequired\":true,\"valueName\":\"search_term_string\"}}],\"inLanguage\":\"de\"},{\"@type\":\"Organization\",\"@id\":\"https:\\\/\\\/steinertseebahn-kfg.de\\\/startseite\\\/#organization\",\"name\":\"MBC Kassel e.V. Steinertseebahn\",\"url\":\"https:\\\/\\\/steinertseebahn-kfg.de\\\/startseite\\\/\",\"logo\":{\"@type\":\"ImageObject\",\"inLanguage\":\"de\",\"@id\":\"https:\\\/\\\/steinertseebahn-kfg.de\\\/startseite\\\/#\\\/schema\\\/logo\\\/image\\\/\",\"url\":\"https:\\\/\\\/i2.wp.com\\\/steinertseebahn-kfg.de\\\/wp-content\\\/uploads\\\/2015\\\/07\\\/Logo-SSB.png?fit=865%2C198&ssl=1\",\"contentUrl\":\"https:\\\/\\\/i2.wp.com\\\/steinertseebahn-kfg.de\\\/wp-content\\\/uploads\\\/2015\\\/07\\\/Logo-SSB.png?fit=865%2C198&ssl=1\",\"width\":865,\"height\":198,\"caption\":\"MBC Kassel e.V. Steinertseebahn\"},\"image\":{\"@id\":\"https:\\\/\\\/steinertseebahn-kfg.de\\\/startseite\\\/#\\\/schema\\\/logo\\\/image\\\/\"},\"sameAs\":[\"https:\\\/\\\/www.facebook.com\\\/ModellBahnClubKasselSteinertseebahnkaufungen\\\/\"]}]}<\/script>\n<!-- \/ Yoast SEO plugin. -->","yoast_head_json":{"title":"Service, Links und Downloads - MBC Kassel e.V. Steinertseebahn und K\u00f6nigstorschule","robots":{"index":"index","follow":"follow","max-snippet":"max-snippet:-1","max-image-preview":"max-image-preview:large","max-video-preview":"max-video-preview:-1"},"canonical":"https:\/\/steinertseebahn-kfg.de\/startseite\/service\/","og_locale":"de_DE","og_type":"article","og_title":"Service, Links und Downloads - MBC Kassel e.V. Steinertseebahn und K\u00f6nigstorschule","og_description":"Neu: Die Steinertseebahn Homepage als App Sollten Sie weitere Informationen ben\u00f6tigen, k\u00f6nnen Sie uns unter den auf der Seite Kontakt angegebenen Daten erreichen Wenn Sie an Veranstaltungen teilnehmen m\u00f6chten und ggf. eigene Fahrzeuge mitbringen, freuen wir uns sehr (siehe auch Hinweise f\u00fcr Gastfahrer) w\u00fcrden uns aber um eine kurze Info freuen. Hier stellen wir Ihnen einige Downloads zur Verf\u00fcgung. Aktuelle","og_url":"https:\/\/steinertseebahn-kfg.de\/startseite\/service\/","og_site_name":"MBC Kassel e.V. Steinertseebahn und K\u00f6nigstorschule","article_publisher":"https:\/\/www.facebook.com\/ModellBahnClubKasselSteinertseebahnkaufungen\/","article_modified_time":"2018-08-01T12:33:02+00:00","twitter_misc":{"Gesch\u00e4tzte Lesezeit":"1\u00a0Minute"},"schema":{"@context":"https:\/\/schema.org","@graph":[{"@type":"WebPage","@id":"https:\/\/steinertseebahn-kfg.de\/startseite\/service\/","url":"https:\/\/steinertseebahn-kfg.de\/startseite\/service\/","name":"Service, Links und Downloads - MBC Kassel e.V. Steinertseebahn und K\u00f6nigstorschule","isPartOf":{"@id":"https:\/\/steinertseebahn-kfg.de\/startseite\/#website"},"datePublished":"2011-04-13T18:26:16+00:00","dateModified":"2018-08-01T12:33:02+00:00","breadcrumb":{"@id":"https:\/\/steinertseebahn-kfg.de\/startseite\/service\/#breadcrumb"},"inLanguage":"de","potentialAction":[{"@type":"ReadAction","target":["https:\/\/steinertseebahn-kfg.de\/startseite\/service\/"]}]},{"@type":"BreadcrumbList","@id":"https:\/\/steinertseebahn-kfg.de\/startseite\/service\/#breadcrumb","itemListElement":[{"@type":"ListItem","position":1,"name":"Startseite","item":"https:\/\/steinertseebahn-kfg.de\/startseite\/"},{"@type":"ListItem","position":2,"name":"Service, Links und Downloads"}]},{"@type":"WebSite","@id":"https:\/\/steinertseebahn-kfg.de\/startseite\/#website","url":"https:\/\/steinertseebahn-kfg.de\/startseite\/","name":"Steinertseebahn Kaufungen des MBC Kassel e.V.","description":"Lifesteam und Modellbahn seit \u00fcber 40 Jahren","publisher":{"@id":"https:\/\/steinertseebahn-kfg.de\/startseite\/#organization"},"potentialAction":[{"@type":"SearchAction","target":{"@type":"EntryPoint","urlTemplate":"https:\/\/steinertseebahn-kfg.de\/startseite\/?s={search_term_string}"},"query-input":{"@type":"PropertyValueSpecification","valueRequired":true,"valueName":"search_term_string"}}],"inLanguage":"de"},{"@type":"Organization","@id":"https:\/\/steinertseebahn-kfg.de\/startseite\/#organization","name":"MBC Kassel e.V. Steinertseebahn","url":"https:\/\/steinertseebahn-kfg.de\/startseite\/","logo":{"@type":"ImageObject","inLanguage":"de","@id":"https:\/\/steinertseebahn-kfg.de\/startseite\/#\/schema\/logo\/image\/","url":"https:\/\/i2.wp.com\/steinertseebahn-kfg.de\/wp-content\/uploads\/2015\/07\/Logo-SSB.png?fit=865%2C198&ssl=1","contentUrl":"https:\/\/i2.wp.com\/steinertseebahn-kfg.de\/wp-content\/uploads\/2015\/07\/Logo-SSB.png?fit=865%2C198&ssl=1","width":865,"height":198,"caption":"MBC Kassel e.V. Steinertseebahn"},"image":{"@id":"https:\/\/steinertseebahn-kfg.de\/startseite\/#\/schema\/logo\/image\/"},"sameAs":["https:\/\/www.facebook.com\/ModellBahnClubKasselSteinertseebahnkaufungen\/"]}]}},"jetpack_sharing_enabled":true,"jetpack_shortlink":"https:\/\/wp.me\/P3r7K2-B","jetpack_likes_enabled":true,"jetpack-related-posts":[],"_links":{"self":[{"href":"https:\/\/steinertseebahn-kfg.de\/startseite\/wp-json\/wp\/v2\/pages\/37","targetHints":{"allow":["GET"]}}],"collection":[{"href":"https:\/\/steinertseebahn-kfg.de\/startseite\/wp-json\/wp\/v2\/pages"}],"about":[{"href":"https:\/\/steinertseebahn-kfg.de\/startseite\/wp-json\/wp\/v2\/types\/page"}],"author":[{"embeddable":true,"href":"https:\/\/steinertseebahn-kfg.de\/startseite\/wp-json\/wp\/v2\/users\/1"}],"replies":[{"embeddable":true,"href":"https:\/\/steinertseebahn-kfg.de\/startseite\/wp-json\/wp\/v2\/comments?post=37"}],"version-history":[{"count":25,"href":"https:\/\/steinertseebahn-kfg.de\/startseite\/wp-json\/wp\/v2\/pages\/37\/revisions"}],"predecessor-version":[{"id":2413,"href":"https:\/\/steinertseebahn-kfg.de\/startseite\/wp-json\/wp\/v2\/pages\/37\/revisions\/2413"}],"wp:attachment":[{"href":"https:\/\/steinertseebahn-kfg.de\/startseite\/wp-json\/wp\/v2\/media?parent=37"}],"curies":[{"name":"wp","href":"https:\/\/api.w.org\/{rel}","templated":true}]}}