{"id":44,"date":"2011-04-21T12:26:50","date_gmt":"2011-04-21T11:26:50","guid":{"rendered":"http:\/\/blog.steinertseebahn.de\/?page_id=44"},"modified":"2013-03-26T10:35:54","modified_gmt":"2013-03-26T08:35:54","slug":"jugendgruppe","status":"publish","type":"page","link":"https:\/\/steinertseebahn-kfg.de\/startseite\/wir-stellen-uns-vor\/jugendgruppe\/","title":{"rendered":"Jugendgruppe"},"content":{"rendered":"<p style=\"text-align: center;\"><span style=\"color: #000000;\"> Hallo an alle Eisenbahnbegeisterten, <\/span><\/p>\n<p style=\"text-align: center;\"><span style=\"color: #000000;\"> mein Name ist Swen Hollstein und ich bin der\u00a0 Jugendgruppenleiter beim Modell Bahn Club Kassel e.V.. <\/span><\/p>\n<p style=\"text-align: center;\"><span style=\"color: #000000;\"> Die Jugendgruppe ist eine tragende St\u00fctze des Clubs, wir reparieren und helfen sowohl bei der Steinertseebahn als auch im K\u00f6nigstor.<br \/>\n<\/span><\/p>\n<p style=\"text-align: center;\"><span style=\"color: #000000;\"> In Kaufungen veranstalten wir jedes Jahr eine Jugendgruppenwoche, wo wir neben einer Menge Spa\u00df auch so manches\u00a0 wieder optisch und maschinell aufgearbeitet haben.<br \/>\nAuch Jugendgruppenprojekte streben wir an wie einen eigenen G\u00fcter- oder Personenwagen.<br \/>\nEs gibt bei uns also kein stumpfes Arbeiten, sondern auch eine Menge zu lernen von dem richtigen Hobeln und Raspeln bis hin zum Zerlegen einer Dampflok und dem fachgerechten Zusammenbau. Auch der Fahrbetrieb mit dem F\u00fchren der Lokomotiven und die Gel\u00e4ndpflege geh\u00f6ren zu unseren T\u00e4tigkeitsfeldern.<br \/>\nNat\u00fcrlich alles mit einer geh\u00f6rigen Portion Spa\u00df.<br \/>\nIm Moment sind wir 11 tatkr\u00e4ftige Jugendliche<br \/>\n<\/span><\/p>\n<p style=\"text-align: center;\"><span style=\"color: #000000;\"> Ihr werdet also richtige Allrounder.<br \/>\n<\/span><\/p>\n<p style=\"text-align: center;\"><span style=\"color: #000000;\"> In der K\u00f6nigstorschule stehen zwei Modellbahnanlagen, eine Fantasieanlage in der Spurgr\u00f6\u00dfe HO Gleichstrom und eine N-Anlage, die ein vorbildgetreuer Nachbau der Strecke Malsfeld- Beisef\u00f6rth ist.<br \/>\nBeide Anlagen brauchen auch Pflege von der elektronischen Steuerung bis hin zur optischen Gestaltung der Anlagen. Im Moment bauen wir an einer zweite Modulanlage der Spurgr\u00f6\u00dfe N. Wir treffen uns jedes Jahr von Anfang November bis Ende M\u00e4rz jeden Samstag von 14:00 Uhr in der K\u00f6nigstorschule und haben dort nat\u00fcrlich auch Spa\u00df beim bauen. <\/span><\/p>\n<p style=\"text-align: center;\"><span style=\"color: #000000;\">Also wenn wir euer Interesse geweckt haben und unter 18 Jahre alt seit, dann k\u00f6nnt ihr euch gerne bei mir melden;<br \/>\nentweder<br \/>\nper Email: <\/span><span style=\"color: #000000;\">swen1993@gmx.de<\/span><\/p>\n","protected":false},"excerpt":{"rendered":"<p>Hallo an alle Eisenbahnbegeisterten, mein Name ist Swen Hollstein und ich bin der\u00a0 Jugendgruppenleiter beim Modell Bahn Club Kassel e.V.. Die Jugendgruppe ist eine tragende St\u00fctze des Clubs, wir reparieren und helfen sowohl bei der Steinertseebahn als auch im K\u00f6nigstor. In Kaufungen veranstalten wir jedes Jahr eine Jugendgruppenwoche, wo wir neben einer Menge Spa\u00df auch so manches\u00a0 wieder optisch und<\/p>\n","protected":false},"author":1,"featured_media":0,"parent":51,"menu_order":0,"comment_status":"open","ping_status":"closed","template":"","meta":{"_monsterinsights_skip_tracking":false,"_monsterinsights_sitenote_active":false,"_monsterinsights_sitenote_note":"","_monsterinsights_sitenote_category":0,"jetpack_post_was_ever_published":false,"footnotes":""},"class_list":["post-44","page","type-page","status-publish","hentry"],"yoast_head":"<!-- This site is optimized with the Yoast SEO plugin v27.4 - https:\/\/yoast.com\/product\/yoast-seo-wordpress\/ -->\n<title>Jugendgruppe - MBC Kassel e.V. Steinertseebahn und K\u00f6nigstorschule<\/title>\n<meta name=\"robots\" content=\"index, follow, max-snippet:-1, max-image-preview:large, max-video-preview:-1\" \/>\n<link rel=\"canonical\" href=\"https:\/\/steinertseebahn-kfg.de\/startseite\/wir-stellen-uns-vor\/jugendgruppe\/\" \/>\n<meta property=\"og:locale\" content=\"de_DE\" \/>\n<meta property=\"og:type\" content=\"article\" \/>\n<meta property=\"og:title\" content=\"Jugendgruppe - MBC Kassel e.V. Steinertseebahn und K\u00f6nigstorschule\" \/>\n<meta property=\"og:description\" content=\"Hallo an alle Eisenbahnbegeisterten, mein Name ist Swen Hollstein und ich bin der\u00a0 Jugendgruppenleiter beim Modell Bahn Club Kassel e.V.. Die Jugendgruppe ist eine tragende St\u00fctze des Clubs, wir reparieren und helfen sowohl bei der Steinertseebahn als auch im K\u00f6nigstor. In Kaufungen veranstalten wir jedes Jahr eine Jugendgruppenwoche, wo wir neben einer Menge Spa\u00df auch so manches\u00a0 wieder optisch und\" \/>\n<meta property=\"og:url\" content=\"https:\/\/steinertseebahn-kfg.de\/startseite\/wir-stellen-uns-vor\/jugendgruppe\/\" \/>\n<meta property=\"og:site_name\" content=\"MBC Kassel e.V. Steinertseebahn und K\u00f6nigstorschule\" \/>\n<meta property=\"article:publisher\" content=\"https:\/\/www.facebook.com\/ModellBahnClubKasselSteinertseebahnkaufungen\/\" \/>\n<meta property=\"article:modified_time\" content=\"2013-03-26T08:35:54+00:00\" \/>\n<meta name=\"twitter:label1\" content=\"Gesch\u00e4tzte Lesezeit\" \/>\n\t<meta name=\"twitter:data1\" content=\"1\u00a0Minute\" \/>\n<script type=\"application\/ld+json\" class=\"yoast-schema-graph\">{\"@context\":\"https:\\\/\\\/schema.org\",\"@graph\":[{\"@type\":\"WebPage\",\"@id\":\"https:\\\/\\\/steinertseebahn-kfg.de\\\/startseite\\\/wir-stellen-uns-vor\\\/jugendgruppe\\\/\",\"url\":\"https:\\\/\\\/steinertseebahn-kfg.de\\\/startseite\\\/wir-stellen-uns-vor\\\/jugendgruppe\\\/\",\"name\":\"Jugendgruppe - MBC Kassel e.V. Steinertseebahn und K\u00f6nigstorschule\",\"isPartOf\":{\"@id\":\"https:\\\/\\\/steinertseebahn-kfg.de\\\/startseite\\\/#website\"},\"datePublished\":\"2011-04-21T11:26:50+00:00\",\"dateModified\":\"2013-03-26T08:35:54+00:00\",\"breadcrumb\":{\"@id\":\"https:\\\/\\\/steinertseebahn-kfg.de\\\/startseite\\\/wir-stellen-uns-vor\\\/jugendgruppe\\\/#breadcrumb\"},\"inLanguage\":\"de\",\"potentialAction\":[{\"@type\":\"ReadAction\",\"target\":[\"https:\\\/\\\/steinertseebahn-kfg.de\\\/startseite\\\/wir-stellen-uns-vor\\\/jugendgruppe\\\/\"]}]},{\"@type\":\"BreadcrumbList\",\"@id\":\"https:\\\/\\\/steinertseebahn-kfg.de\\\/startseite\\\/wir-stellen-uns-vor\\\/jugendgruppe\\\/#breadcrumb\",\"itemListElement\":[{\"@type\":\"ListItem\",\"position\":1,\"name\":\"Startseite\",\"item\":\"https:\\\/\\\/steinertseebahn-kfg.de\\\/startseite\\\/\"},{\"@type\":\"ListItem\",\"position\":2,\"name\":\"Wir stellen uns vor\",\"item\":\"https:\\\/\\\/steinertseebahn-kfg.de\\\/startseite\\\/wir-stellen-uns-vor\\\/\"},{\"@type\":\"ListItem\",\"position\":3,\"name\":\"Jugendgruppe\"}]},{\"@type\":\"WebSite\",\"@id\":\"https:\\\/\\\/steinertseebahn-kfg.de\\\/startseite\\\/#website\",\"url\":\"https:\\\/\\\/steinertseebahn-kfg.de\\\/startseite\\\/\",\"name\":\"Steinertseebahn Kaufungen des MBC Kassel e.V.\",\"description\":\"Lifesteam und Modellbahn seit \u00fcber 40 Jahren\",\"publisher\":{\"@id\":\"https:\\\/\\\/steinertseebahn-kfg.de\\\/startseite\\\/#organization\"},\"potentialAction\":[{\"@type\":\"SearchAction\",\"target\":{\"@type\":\"EntryPoint\",\"urlTemplate\":\"https:\\\/\\\/steinertseebahn-kfg.de\\\/startseite\\\/?s={search_term_string}\"},\"query-input\":{\"@type\":\"PropertyValueSpecification\",\"valueRequired\":true,\"valueName\":\"search_term_string\"}}],\"inLanguage\":\"de\"},{\"@type\":\"Organization\",\"@id\":\"https:\\\/\\\/steinertseebahn-kfg.de\\\/startseite\\\/#organization\",\"name\":\"MBC Kassel e.V. Steinertseebahn\",\"url\":\"https:\\\/\\\/steinertseebahn-kfg.de\\\/startseite\\\/\",\"logo\":{\"@type\":\"ImageObject\",\"inLanguage\":\"de\",\"@id\":\"https:\\\/\\\/steinertseebahn-kfg.de\\\/startseite\\\/#\\\/schema\\\/logo\\\/image\\\/\",\"url\":\"https:\\\/\\\/i2.wp.com\\\/steinertseebahn-kfg.de\\\/wp-content\\\/uploads\\\/2015\\\/07\\\/Logo-SSB.png?fit=865%2C198&ssl=1\",\"contentUrl\":\"https:\\\/\\\/i2.wp.com\\\/steinertseebahn-kfg.de\\\/wp-content\\\/uploads\\\/2015\\\/07\\\/Logo-SSB.png?fit=865%2C198&ssl=1\",\"width\":865,\"height\":198,\"caption\":\"MBC Kassel e.V. Steinertseebahn\"},\"image\":{\"@id\":\"https:\\\/\\\/steinertseebahn-kfg.de\\\/startseite\\\/#\\\/schema\\\/logo\\\/image\\\/\"},\"sameAs\":[\"https:\\\/\\\/www.facebook.com\\\/ModellBahnClubKasselSteinertseebahnkaufungen\\\/\"]}]}<\/script>\n<!-- \/ Yoast SEO plugin. -->","yoast_head_json":{"title":"Jugendgruppe - MBC Kassel e.V. Steinertseebahn und K\u00f6nigstorschule","robots":{"index":"index","follow":"follow","max-snippet":"max-snippet:-1","max-image-preview":"max-image-preview:large","max-video-preview":"max-video-preview:-1"},"canonical":"https:\/\/steinertseebahn-kfg.de\/startseite\/wir-stellen-uns-vor\/jugendgruppe\/","og_locale":"de_DE","og_type":"article","og_title":"Jugendgruppe - MBC Kassel e.V. Steinertseebahn und K\u00f6nigstorschule","og_description":"Hallo an alle Eisenbahnbegeisterten, mein Name ist Swen Hollstein und ich bin der\u00a0 Jugendgruppenleiter beim Modell Bahn Club Kassel e.V.. Die Jugendgruppe ist eine tragende St\u00fctze des Clubs, wir reparieren und helfen sowohl bei der Steinertseebahn als auch im K\u00f6nigstor. In Kaufungen veranstalten wir jedes Jahr eine Jugendgruppenwoche, wo wir neben einer Menge Spa\u00df auch so manches\u00a0 wieder optisch und","og_url":"https:\/\/steinertseebahn-kfg.de\/startseite\/wir-stellen-uns-vor\/jugendgruppe\/","og_site_name":"MBC Kassel e.V. Steinertseebahn und K\u00f6nigstorschule","article_publisher":"https:\/\/www.facebook.com\/ModellBahnClubKasselSteinertseebahnkaufungen\/","article_modified_time":"2013-03-26T08:35:54+00:00","twitter_misc":{"Gesch\u00e4tzte Lesezeit":"1\u00a0Minute"},"schema":{"@context":"https:\/\/schema.org","@graph":[{"@type":"WebPage","@id":"https:\/\/steinertseebahn-kfg.de\/startseite\/wir-stellen-uns-vor\/jugendgruppe\/","url":"https:\/\/steinertseebahn-kfg.de\/startseite\/wir-stellen-uns-vor\/jugendgruppe\/","name":"Jugendgruppe - MBC Kassel e.V. Steinertseebahn und K\u00f6nigstorschule","isPartOf":{"@id":"https:\/\/steinertseebahn-kfg.de\/startseite\/#website"},"datePublished":"2011-04-21T11:26:50+00:00","dateModified":"2013-03-26T08:35:54+00:00","breadcrumb":{"@id":"https:\/\/steinertseebahn-kfg.de\/startseite\/wir-stellen-uns-vor\/jugendgruppe\/#breadcrumb"},"inLanguage":"de","potentialAction":[{"@type":"ReadAction","target":["https:\/\/steinertseebahn-kfg.de\/startseite\/wir-stellen-uns-vor\/jugendgruppe\/"]}]},{"@type":"BreadcrumbList","@id":"https:\/\/steinertseebahn-kfg.de\/startseite\/wir-stellen-uns-vor\/jugendgruppe\/#breadcrumb","itemListElement":[{"@type":"ListItem","position":1,"name":"Startseite","item":"https:\/\/steinertseebahn-kfg.de\/startseite\/"},{"@type":"ListItem","position":2,"name":"Wir stellen uns vor","item":"https:\/\/steinertseebahn-kfg.de\/startseite\/wir-stellen-uns-vor\/"},{"@type":"ListItem","position":3,"name":"Jugendgruppe"}]},{"@type":"WebSite","@id":"https:\/\/steinertseebahn-kfg.de\/startseite\/#website","url":"https:\/\/steinertseebahn-kfg.de\/startseite\/","name":"Steinertseebahn Kaufungen des MBC Kassel e.V.","description":"Lifesteam und Modellbahn seit \u00fcber 40 Jahren","publisher":{"@id":"https:\/\/steinertseebahn-kfg.de\/startseite\/#organization"},"potentialAction":[{"@type":"SearchAction","target":{"@type":"EntryPoint","urlTemplate":"https:\/\/steinertseebahn-kfg.de\/startseite\/?s={search_term_string}"},"query-input":{"@type":"PropertyValueSpecification","valueRequired":true,"valueName":"search_term_string"}}],"inLanguage":"de"},{"@type":"Organization","@id":"https:\/\/steinertseebahn-kfg.de\/startseite\/#organization","name":"MBC Kassel e.V. Steinertseebahn","url":"https:\/\/steinertseebahn-kfg.de\/startseite\/","logo":{"@type":"ImageObject","inLanguage":"de","@id":"https:\/\/steinertseebahn-kfg.de\/startseite\/#\/schema\/logo\/image\/","url":"https:\/\/i2.wp.com\/steinertseebahn-kfg.de\/wp-content\/uploads\/2015\/07\/Logo-SSB.png?fit=865%2C198&ssl=1","contentUrl":"https:\/\/i2.wp.com\/steinertseebahn-kfg.de\/wp-content\/uploads\/2015\/07\/Logo-SSB.png?fit=865%2C198&ssl=1","width":865,"height":198,"caption":"MBC Kassel e.V. Steinertseebahn"},"image":{"@id":"https:\/\/steinertseebahn-kfg.de\/startseite\/#\/schema\/logo\/image\/"},"sameAs":["https:\/\/www.facebook.com\/ModellBahnClubKasselSteinertseebahnkaufungen\/"]}]}},"jetpack_sharing_enabled":true,"jetpack_shortlink":"https:\/\/wp.me\/P3r7K2-I","jetpack_likes_enabled":true,"jetpack-related-posts":[],"_links":{"self":[{"href":"https:\/\/steinertseebahn-kfg.de\/startseite\/wp-json\/wp\/v2\/pages\/44","targetHints":{"allow":["GET"]}}],"collection":[{"href":"https:\/\/steinertseebahn-kfg.de\/startseite\/wp-json\/wp\/v2\/pages"}],"about":[{"href":"https:\/\/steinertseebahn-kfg.de\/startseite\/wp-json\/wp\/v2\/types\/page"}],"author":[{"embeddable":true,"href":"https:\/\/steinertseebahn-kfg.de\/startseite\/wp-json\/wp\/v2\/users\/1"}],"replies":[{"embeddable":true,"href":"https:\/\/steinertseebahn-kfg.de\/startseite\/wp-json\/wp\/v2\/comments?post=44"}],"version-history":[{"count":2,"href":"https:\/\/steinertseebahn-kfg.de\/startseite\/wp-json\/wp\/v2\/pages\/44\/revisions"}],"predecessor-version":[{"id":616,"href":"https:\/\/steinertseebahn-kfg.de\/startseite\/wp-json\/wp\/v2\/pages\/44\/revisions\/616"}],"up":[{"embeddable":true,"href":"https:\/\/steinertseebahn-kfg.de\/startseite\/wp-json\/wp\/v2\/pages\/51"}],"wp:attachment":[{"href":"https:\/\/steinertseebahn-kfg.de\/startseite\/wp-json\/wp\/v2\/media?parent=44"}],"curies":[{"name":"wp","href":"https:\/\/api.w.org\/{rel}","templated":true}]}}